{"id":63844,"date":"2021-03-09T01:16:26","date_gmt":"2021-03-09T00:16:26","guid":{"rendered":"https:\/\/www.tires-recycling.eu\/macchinari-riciclo\/"},"modified":"2024-05-25T12:08:32","modified_gmt":"2024-05-25T10:08:32","slug":"maquinaria-de-reciclaje","status":"publish","type":"page","link":"https:\/\/www.tires-recycling.eu\/es\/home\/maquinaria-de-reciclaje\/","title":{"rendered":"Maquinaria reciclaje residuos | neum\u00e1ticos | c\u00e9sped sint\u00e9tico"},"content":{"rendered":"\t\t<div data-elementor-type=\"wp-page\" data-elementor-id=\"63844\" class=\"elementor elementor-63844 elementor-37087\">\n\t\t\t\t\t\t<section class=\"elementor-section elementor-top-section elementor-element elementor-element-6ef98bd elementor-section-boxed elementor-section-height-default elementor-section-height-default\" data-id=\"6ef98bd\" data-element_type=\"section\">\n\t\t\t\t\t\t<div class=\"elementor-container elementor-column-gap-default\">\n\t\t\t\t\t<div class=\"elementor-column elementor-col-100 elementor-top-column elementor-element elementor-element-12ceb8f\" data-id=\"12ceb8f\" data-element_type=\"column\">\n\t\t\t<div class=\"elementor-widget-wrap elementor-element-populated\">\n\t\t\t\t\t\t<div class=\"elementor-element elementor-element-bd9f728 elementor-widget elementor-widget-spacer\" data-id=\"bd9f728\" data-element_type=\"widget\" data-widget_type=\"spacer.default\">\n\t\t\t\t<div class=\"elementor-widget-container\">\n\t\t\t\t\t\t\t<div class=\"elementor-spacer\">\n\t\t\t<div class=\"elementor-spacer-inner\"><\/div>\n\t\t<\/div>\n\t\t\t\t\t\t<\/div>\n\t\t\t\t<\/div>\n\t\t\t\t\t<\/div>\n\t\t<\/div>\n\t\t\t\t\t<\/div>\n\t\t<\/section>\n\t\t\t\t<section class=\"elementor-section elementor-top-section elementor-element elementor-element-5f1a461 elementor-section-boxed elementor-section-height-default elementor-section-height-default\" data-id=\"5f1a461\" data-element_type=\"section\">\n\t\t\t\t\t\t<div class=\"elementor-container elementor-column-gap-default\">\n\t\t\t\t\t<div class=\"elementor-column elementor-col-100 elementor-top-column elementor-element elementor-element-01f84be\" data-id=\"01f84be\" data-element_type=\"column\">\n\t\t\t<div class=\"elementor-widget-wrap elementor-element-populated\">\n\t\t\t\t\t\t<div class=\"elementor-element elementor-element-566d398 divider_yes elementor-widget elementor-widget-wgl-double-headings\" data-id=\"566d398\" data-element_type=\"widget\" data-widget_type=\"wgl-double-headings.default\">\n\t\t\t\t<div class=\"elementor-widget-container\">\n\t\t\t\t\t<div class=\"wgl-double_heading acenter\">\t\t\t\t<h1 class=\"dbl-title_wrapper\"><span class=\"dbl-title dbl-title_1\">Maquinaria para el reciclaje de residuos neum\u00e1ticos y c\u00e9sped sint\u00e9tico<\/span> \t\t\t\t<\/h1><span class=\"dbl-title dbl-bg_text\">MAQUINARIA <\/span> \t\t<\/div>\t\t\t\t<\/div>\n\t\t\t\t<\/div>\n\t\t\t\t\t<\/div>\n\t\t<\/div>\n\t\t\t\t\t<\/div>\n\t\t<\/section>\n\t\t\t\t<section class=\"elementor-section elementor-top-section elementor-element elementor-element-118e99a elementor-section-boxed elementor-section-height-default elementor-section-height-default\" data-id=\"118e99a\" data-element_type=\"section\">\n\t\t\t\t\t\t<div class=\"elementor-container elementor-column-gap-default\">\n\t\t\t\t\t<div class=\"elementor-column elementor-col-100 elementor-top-column elementor-element elementor-element-46985c0\" data-id=\"46985c0\" data-element_type=\"column\">\n\t\t\t<div class=\"elementor-widget-wrap elementor-element-populated\">\n\t\t\t\t\t\t<div class=\"elementor-element elementor-element-d43c4d0 elementor-widget elementor-widget-spacer\" data-id=\"d43c4d0\" data-element_type=\"widget\" data-widget_type=\"spacer.default\">\n\t\t\t\t<div class=\"elementor-widget-container\">\n\t\t\t\t\t\t\t<div class=\"elementor-spacer\">\n\t\t\t<div class=\"elementor-spacer-inner\"><\/div>\n\t\t<\/div>\n\t\t\t\t\t\t<\/div>\n\t\t\t\t<\/div>\n\t\t\t\t\t<\/div>\n\t\t<\/div>\n\t\t\t\t\t<\/div>\n\t\t<\/section>\n\t\t\t\t<section class=\"elementor-section elementor-top-section elementor-element elementor-element-3dbcebc elementor-section-boxed elementor-section-height-default elementor-section-height-default\" data-id=\"3dbcebc\" data-element_type=\"section\">\n\t\t\t\t\t\t<div class=\"elementor-container elementor-column-gap-default\">\n\t\t\t\t\t<div class=\"elementor-column elementor-col-100 elementor-top-column elementor-element elementor-element-e761c38\" data-id=\"e761c38\" data-element_type=\"column\">\n\t\t\t<div class=\"elementor-widget-wrap elementor-element-populated\">\n\t\t\t\t\t\t<div class=\"elementor-element elementor-element-86fa8cb elementor-widget elementor-widget-spacer\" data-id=\"86fa8cb\" data-element_type=\"widget\" data-widget_type=\"spacer.default\">\n\t\t\t\t<div class=\"elementor-widget-container\">\n\t\t\t\t\t\t\t<div class=\"elementor-spacer\">\n\t\t\t<div class=\"elementor-spacer-inner\"><\/div>\n\t\t<\/div>\n\t\t\t\t\t\t<\/div>\n\t\t\t\t<\/div>\n\t\t\t\t\t<\/div>\n\t\t<\/div>\n\t\t\t\t\t<\/div>\n\t\t<\/section>\n\t\t\t\t<section class=\"elementor-section elementor-top-section elementor-element elementor-element-8ea2bbc elementor-section-boxed elementor-section-height-default elementor-section-height-default\" data-id=\"8ea2bbc\" data-element_type=\"section\">\n\t\t\t\t\t\t<div class=\"elementor-container elementor-column-gap-default\">\n\t\t\t\t\t<div class=\"elementor-column elementor-col-100 elementor-top-column elementor-element elementor-element-b2f154b\" data-id=\"b2f154b\" data-element_type=\"column\">\n\t\t\t<div class=\"elementor-widget-wrap elementor-element-populated\">\n\t\t\t\t\t\t<div class=\"elementor-element elementor-element-955d7b4 elementor-widget elementor-widget-wgl-portfolio\" data-id=\"955d7b4\" data-element_type=\"widget\" data-widget_type=\"wgl-portfolio.default\">\n\t\t\t\t<div class=\"elementor-widget-container\">\n\t\t\t\t\t<section class=\"wgl_cpt_section\"><div class=\"wgl-portfolio\" id=\"portfolio_module_69f0fe866d54b\"><div class=\"wgl-portfolio_wrapper\"><div class=\"wgl-portfolio_container container-grid row grid portfolio_columns-3\"  style=\"margin-right:-15px; margin-left:-15px; margin-bottom:-30px;\"><\/div><\/div><\/div><\/section>\t\t\t\t<\/div>\n\t\t\t\t<\/div>\n\t\t\t\t\t<\/div>\n\t\t<\/div>\n\t\t\t\t\t<\/div>\n\t\t<\/section>\n\t\t\t\t<section class=\"elementor-section elementor-top-section elementor-element elementor-element-fe8a42f elementor-section-boxed elementor-section-height-default elementor-section-height-default\" data-id=\"fe8a42f\" data-element_type=\"section\" data-settings=\"{&quot;background_background&quot;:&quot;classic&quot;}\">\n\t\t\t\t\t\t<div class=\"elementor-container elementor-column-gap-extended\">\n\t\t\t\t\t<div class=\"elementor-column elementor-col-100 elementor-top-column elementor-element elementor-element-4ab592e\" data-id=\"4ab592e\" data-element_type=\"column\">\n\t\t\t<div class=\"elementor-widget-wrap elementor-element-populated\">\n\t\t\t\t\t\t<div class=\"elementor-element elementor-element-cb4fbc5 elementor-widget elementor-widget-spacer\" data-id=\"cb4fbc5\" data-element_type=\"widget\" data-widget_type=\"spacer.default\">\n\t\t\t\t<div class=\"elementor-widget-container\">\n\t\t\t\t\t\t\t<div class=\"elementor-spacer\">\n\t\t\t<div class=\"elementor-spacer-inner\"><\/div>\n\t\t<\/div>\n\t\t\t\t\t\t<\/div>\n\t\t\t\t<\/div>\n\t\t\t\t<div class=\"elementor-element elementor-element-a7e290f elementor-widget elementor-widget-heading\" data-id=\"a7e290f\" data-element_type=\"widget\" data-widget_type=\"heading.default\">\n\t\t\t\t<div class=\"elementor-widget-container\">\n\t\t\t\t\t<h2 class=\"elementor-heading-title elementor-size-default\">Maquinaria reciclaje residuos neum\u00e1ticos  c\u00e9sped sint\u00e9tico<\/h2>\t\t\t\t<\/div>\n\t\t\t\t<\/div>\n\t\t\t\t<div class=\"elementor-element elementor-element-0bdc144 elementor-widget elementor-widget-text-editor\" data-id=\"0bdc144\" data-element_type=\"widget\" data-widget_type=\"text-editor.default\">\n\t\t\t\t<div class=\"elementor-widget-container\">\n\t\t\t\t\t\t\t\t\t<p>Amplia gama de maquinaria de reciclaje de residuos adecuada para la transformaci\u00f3n de neum\u00e1ticos en productos como materias primas secundarias y productos manufacturados.<\/p><p>Las l\u00edneas para la recuperaci\u00f3n de neum\u00e1ticos fuera de uso est\u00e1n compuestas por m\u00f3dulos que se pueden configurar para obtener la productividad y calidad deseada de gr\u00e1nulos y polvos de caucho.<\/p><p>Los sistemas de moldeo se pueden personalizar seg\u00fan el producto a producir.<\/p><p>La l\u00ednea para el reciclaje de c\u00e9sped sint\u00e9tico al final de su vida \u00fatil tambi\u00e9n se puede configurar en m\u00f3dulos seg\u00fan las necesidades de la zona en la que se han construido los campos de c\u00e9sped sint\u00e9tico. Los diferentes tipos de rellenos (vegetales, polim\u00e9ricos) son las peculiaridades sobre las que definir el dise\u00f1o para reciclarlos.<\/p>\t\t\t\t\t\t\t\t<\/div>\n\t\t\t\t<\/div>\n\t\t\t\t<div class=\"elementor-element elementor-element-ff8dd49 elementor-widget elementor-widget-spacer\" data-id=\"ff8dd49\" data-element_type=\"widget\" data-widget_type=\"spacer.default\">\n\t\t\t\t<div class=\"elementor-widget-container\">\n\t\t\t\t\t\t\t<div class=\"elementor-spacer\">\n\t\t\t<div class=\"elementor-spacer-inner\"><\/div>\n\t\t<\/div>\n\t\t\t\t\t\t<\/div>\n\t\t\t\t<\/div>\n\t\t\t\t\t<\/div>\n\t\t<\/div>\n\t\t\t\t\t<\/div>\n\t\t<\/section>\n\t\t\t\t<\/div>\n\t\t","protected":false},"excerpt":{"rendered":"<p>Maquinaria para el reciclaje de residuos neum\u00e1ticos y c\u00e9sped sint\u00e9tico MAQUINARIA MAQUINARIA DE RECICLAJE Destalonador neum\u00e1ticos para camiones | Recuperaci\u00f3n acero &nbsp; MAQUINARIA DE RECICLAJE Trituradora de neum\u00e1ticos | Carro y cami\u00f3n &nbsp; MAQUINARIA DE RECICLAJE Tamiz Disco VD1300 | Reciclaje Neum\u00e1ticos &nbsp; MAQUINARIA DE RECICLAJE Granulador GR3520 | Reciclaje De Neum\u00e1ticos &nbsp; MAQUINARIA DE [&hellip;]<\/p>\n","protected":false},"author":1,"featured_media":0,"parent":63967,"menu_order":0,"comment_status":"closed","ping_status":"closed","template":"","meta":{"footnotes":""},"class_list":["post-63844","page","type-page","status-publish","hentry"],"yoast_head":"<!-- This site is optimized with the Yoast SEO plugin v26.7 - https:\/\/yoast.com\/wordpress\/plugins\/seo\/ -->\n<title>Maquinaria reciclaje residuos | neum\u00e1ticos | c\u00e9sped sint\u00e9tico<\/title>\n<meta name=\"description\" content=\"La maquinaria ofrecida por TIRES fue dise\u00f1ada y construida para el fin espec\u00edfico del sector del reciclaje de neum\u00e1ticos y c\u00e9sped artificial\" \/>\n<meta name=\"robots\" content=\"index, follow, max-snippet:-1, max-image-preview:large, max-video-preview:-1\" \/>\n<link rel=\"canonical\" href=\"https:\/\/www.tires-recycling.eu\/es\/home\/maquinaria-de-reciclaje\/\" \/>\n<meta property=\"og:locale\" content=\"es_ES\" \/>\n<meta property=\"og:type\" content=\"article\" \/>\n<meta property=\"og:title\" content=\"Maquinaria reciclaje residuos | neum\u00e1ticos | c\u00e9sped sint\u00e9tico\" \/>\n<meta property=\"og:description\" content=\"La maquinaria ofrecida por TIRES fue dise\u00f1ada y construida para el fin espec\u00edfico del sector del reciclaje de neum\u00e1ticos y c\u00e9sped artificial\" \/>\n<meta property=\"og:url\" content=\"https:\/\/www.tires-recycling.eu\/es\/home\/maquinaria-de-reciclaje\/\" \/>\n<meta property=\"og:site_name\" content=\"Maquinaria y planta de reciclaje de neum\u00e1ticos\" \/>\n<meta property=\"article:modified_time\" content=\"2024-05-25T10:08:32+00:00\" \/>\n<meta property=\"og:image\" content=\"https:\/\/www.tires-recycling.eu\/wp-content\/uploads\/2024\/04\/stallonatore_evid-740x940.jpg\" \/>\n<meta name=\"twitter:card\" content=\"summary_large_image\" \/>\n<meta name=\"twitter:label1\" content=\"Tiempo de lectura\" \/>\n\t<meta name=\"twitter:data1\" content=\"3 minutos\" \/>\n<script type=\"application\/ld+json\" class=\"yoast-schema-graph\">{\"@context\":\"https:\/\/schema.org\",\"@graph\":[{\"@type\":\"WebPage\",\"@id\":\"https:\/\/www.tires-recycling.eu\/es\/home\/maquinaria-de-reciclaje\/\",\"url\":\"https:\/\/www.tires-recycling.eu\/es\/home\/maquinaria-de-reciclaje\/\",\"name\":\"Maquinaria reciclaje residuos | neum\u00e1ticos | c\u00e9sped sint\u00e9tico\",\"isPartOf\":{\"@id\":\"https:\/\/www.tires-recycling.eu\/es\/#website\"},\"primaryImageOfPage\":{\"@id\":\"https:\/\/www.tires-recycling.eu\/es\/home\/maquinaria-de-reciclaje\/#primaryimage\"},\"image\":{\"@id\":\"https:\/\/www.tires-recycling.eu\/es\/home\/maquinaria-de-reciclaje\/#primaryimage\"},\"thumbnailUrl\":\"https:\/\/www.tires-recycling.eu\/wp-content\/uploads\/2024\/04\/stallonatore_evid-740x940.jpg\",\"datePublished\":\"2021-03-09T00:16:26+00:00\",\"dateModified\":\"2024-05-25T10:08:32+00:00\",\"description\":\"La maquinaria ofrecida por TIRES fue dise\u00f1ada y construida para el fin espec\u00edfico del sector del reciclaje de neum\u00e1ticos y c\u00e9sped artificial\",\"breadcrumb\":{\"@id\":\"https:\/\/www.tires-recycling.eu\/es\/home\/maquinaria-de-reciclaje\/#breadcrumb\"},\"inLanguage\":\"es\",\"potentialAction\":[{\"@type\":\"ReadAction\",\"target\":[\"https:\/\/www.tires-recycling.eu\/es\/home\/maquinaria-de-reciclaje\/\"]}]},{\"@type\":\"ImageObject\",\"inLanguage\":\"es\",\"@id\":\"https:\/\/www.tires-recycling.eu\/es\/home\/maquinaria-de-reciclaje\/#primaryimage\",\"url\":\"https:\/\/www.tires-recycling.eu\/wp-content\/uploads\/2024\/04\/stallonatore_evid-740x940.jpg\",\"contentUrl\":\"https:\/\/www.tires-recycling.eu\/wp-content\/uploads\/2024\/04\/stallonatore_evid-740x940.jpg\"},{\"@type\":\"BreadcrumbList\",\"@id\":\"https:\/\/www.tires-recycling.eu\/es\/home\/maquinaria-de-reciclaje\/#breadcrumb\",\"itemListElement\":[{\"@type\":\"ListItem\",\"position\":1,\"name\":\"Home\",\"item\":\"https:\/\/www.tires-recycling.eu\/es\/\"},{\"@type\":\"ListItem\",\"position\":2,\"name\":\"Planta de reciclaje | Neum\u00e1ticos | Cesped sintetico\",\"item\":\"https:\/\/www.tires-recycling.eu\/es\/\"},{\"@type\":\"ListItem\",\"position\":3,\"name\":\"Maquinaria reciclaje residuos | neum\u00e1ticos | c\u00e9sped sint\u00e9tico\"}]},{\"@type\":\"WebSite\",\"@id\":\"https:\/\/www.tires-recycling.eu\/es\/#website\",\"url\":\"https:\/\/www.tires-recycling.eu\/es\/\",\"name\":\"tires recycling machinery & plant\",\"description\":\"Proyecto y construcci\u00f3n de m\u00e1quinas con sistema en l\u00ednea para reciclaje de neum\u00e1ticos usados \u200b\u200by c\u00e9sped artificial sint\u00e9tico | Vender tecnolog\u00eda verde\",\"publisher\":{\"@id\":\"https:\/\/www.tires-recycling.eu\/es\/#organization\"},\"alternateName\":\"tires recycling machinery & plant\",\"potentialAction\":[{\"@type\":\"SearchAction\",\"target\":{\"@type\":\"EntryPoint\",\"urlTemplate\":\"https:\/\/www.tires-recycling.eu\/es\/?s={search_term_string}\"},\"query-input\":{\"@type\":\"PropertyValueSpecification\",\"valueRequired\":true,\"valueName\":\"search_term_string\"}}],\"inLanguage\":\"es\"},{\"@type\":\"Organization\",\"@id\":\"https:\/\/www.tires-recycling.eu\/es\/#organization\",\"name\":\"Tires Recycling\",\"alternateName\":\"TIRES SPA\",\"url\":\"https:\/\/www.tires-recycling.eu\/es\/\",\"logo\":{\"@type\":\"ImageObject\",\"inLanguage\":\"es\",\"@id\":\"https:\/\/www.tires-recycling.eu\/es\/#\/schema\/logo\/image\/\",\"url\":\"https:\/\/www.tires-recycling.eu\/wp-content\/uploads\/2024\/04\/cropped-tires-black-png.png\",\"contentUrl\":\"https:\/\/www.tires-recycling.eu\/wp-content\/uploads\/2024\/04\/cropped-tires-black-png.png\",\"width\":512,\"height\":512,\"caption\":\"Tires Recycling\"},\"image\":{\"@id\":\"https:\/\/www.tires-recycling.eu\/es\/#\/schema\/logo\/image\/\"}}]}<\/script>\n<!-- \/ Yoast SEO plugin. -->","yoast_head_json":{"title":"Maquinaria reciclaje residuos | neum\u00e1ticos | c\u00e9sped sint\u00e9tico","description":"La maquinaria ofrecida por TIRES fue dise\u00f1ada y construida para el fin espec\u00edfico del sector del reciclaje de neum\u00e1ticos y c\u00e9sped artificial","robots":{"index":"index","follow":"follow","max-snippet":"max-snippet:-1","max-image-preview":"max-image-preview:large","max-video-preview":"max-video-preview:-1"},"canonical":"https:\/\/www.tires-recycling.eu\/es\/home\/maquinaria-de-reciclaje\/","og_locale":"es_ES","og_type":"article","og_title":"Maquinaria reciclaje residuos | neum\u00e1ticos | c\u00e9sped sint\u00e9tico","og_description":"La maquinaria ofrecida por TIRES fue dise\u00f1ada y construida para el fin espec\u00edfico del sector del reciclaje de neum\u00e1ticos y c\u00e9sped artificial","og_url":"https:\/\/www.tires-recycling.eu\/es\/home\/maquinaria-de-reciclaje\/","og_site_name":"Maquinaria y planta de reciclaje de neum\u00e1ticos","article_modified_time":"2024-05-25T10:08:32+00:00","og_image":[{"url":"https:\/\/www.tires-recycling.eu\/wp-content\/uploads\/2024\/04\/stallonatore_evid-740x940.jpg","type":"","width":"","height":""}],"twitter_card":"summary_large_image","twitter_misc":{"Tiempo de lectura":"3 minutos"},"schema":{"@context":"https:\/\/schema.org","@graph":[{"@type":"WebPage","@id":"https:\/\/www.tires-recycling.eu\/es\/home\/maquinaria-de-reciclaje\/","url":"https:\/\/www.tires-recycling.eu\/es\/home\/maquinaria-de-reciclaje\/","name":"Maquinaria reciclaje residuos | neum\u00e1ticos | c\u00e9sped sint\u00e9tico","isPartOf":{"@id":"https:\/\/www.tires-recycling.eu\/es\/#website"},"primaryImageOfPage":{"@id":"https:\/\/www.tires-recycling.eu\/es\/home\/maquinaria-de-reciclaje\/#primaryimage"},"image":{"@id":"https:\/\/www.tires-recycling.eu\/es\/home\/maquinaria-de-reciclaje\/#primaryimage"},"thumbnailUrl":"https:\/\/www.tires-recycling.eu\/wp-content\/uploads\/2024\/04\/stallonatore_evid-740x940.jpg","datePublished":"2021-03-09T00:16:26+00:00","dateModified":"2024-05-25T10:08:32+00:00","description":"La maquinaria ofrecida por TIRES fue dise\u00f1ada y construida para el fin espec\u00edfico del sector del reciclaje de neum\u00e1ticos y c\u00e9sped artificial","breadcrumb":{"@id":"https:\/\/www.tires-recycling.eu\/es\/home\/maquinaria-de-reciclaje\/#breadcrumb"},"inLanguage":"es","potentialAction":[{"@type":"ReadAction","target":["https:\/\/www.tires-recycling.eu\/es\/home\/maquinaria-de-reciclaje\/"]}]},{"@type":"ImageObject","inLanguage":"es","@id":"https:\/\/www.tires-recycling.eu\/es\/home\/maquinaria-de-reciclaje\/#primaryimage","url":"https:\/\/www.tires-recycling.eu\/wp-content\/uploads\/2024\/04\/stallonatore_evid-740x940.jpg","contentUrl":"https:\/\/www.tires-recycling.eu\/wp-content\/uploads\/2024\/04\/stallonatore_evid-740x940.jpg"},{"@type":"BreadcrumbList","@id":"https:\/\/www.tires-recycling.eu\/es\/home\/maquinaria-de-reciclaje\/#breadcrumb","itemListElement":[{"@type":"ListItem","position":1,"name":"Home","item":"https:\/\/www.tires-recycling.eu\/es\/"},{"@type":"ListItem","position":2,"name":"Planta de reciclaje | Neum\u00e1ticos | Cesped sintetico","item":"https:\/\/www.tires-recycling.eu\/es\/"},{"@type":"ListItem","position":3,"name":"Maquinaria reciclaje residuos | neum\u00e1ticos | c\u00e9sped sint\u00e9tico"}]},{"@type":"WebSite","@id":"https:\/\/www.tires-recycling.eu\/es\/#website","url":"https:\/\/www.tires-recycling.eu\/es\/","name":"tires recycling machinery & plant","description":"Proyecto y construcci\u00f3n de m\u00e1quinas con sistema en l\u00ednea para reciclaje de neum\u00e1ticos usados \u200b\u200by c\u00e9sped artificial sint\u00e9tico | Vender tecnolog\u00eda verde","publisher":{"@id":"https:\/\/www.tires-recycling.eu\/es\/#organization"},"alternateName":"tires recycling machinery & plant","potentialAction":[{"@type":"SearchAction","target":{"@type":"EntryPoint","urlTemplate":"https:\/\/www.tires-recycling.eu\/es\/?s={search_term_string}"},"query-input":{"@type":"PropertyValueSpecification","valueRequired":true,"valueName":"search_term_string"}}],"inLanguage":"es"},{"@type":"Organization","@id":"https:\/\/www.tires-recycling.eu\/es\/#organization","name":"Tires Recycling","alternateName":"TIRES SPA","url":"https:\/\/www.tires-recycling.eu\/es\/","logo":{"@type":"ImageObject","inLanguage":"es","@id":"https:\/\/www.tires-recycling.eu\/es\/#\/schema\/logo\/image\/","url":"https:\/\/www.tires-recycling.eu\/wp-content\/uploads\/2024\/04\/cropped-tires-black-png.png","contentUrl":"https:\/\/www.tires-recycling.eu\/wp-content\/uploads\/2024\/04\/cropped-tires-black-png.png","width":512,"height":512,"caption":"Tires Recycling"},"image":{"@id":"https:\/\/www.tires-recycling.eu\/es\/#\/schema\/logo\/image\/"}}]}},"_links":{"self":[{"href":"https:\/\/www.tires-recycling.eu\/es\/wp-json\/wp\/v2\/pages\/63844","targetHints":{"allow":["GET"]}}],"collection":[{"href":"https:\/\/www.tires-recycling.eu\/es\/wp-json\/wp\/v2\/pages"}],"about":[{"href":"https:\/\/www.tires-recycling.eu\/es\/wp-json\/wp\/v2\/types\/page"}],"author":[{"embeddable":true,"href":"https:\/\/www.tires-recycling.eu\/es\/wp-json\/wp\/v2\/users\/1"}],"replies":[{"embeddable":true,"href":"https:\/\/www.tires-recycling.eu\/es\/wp-json\/wp\/v2\/comments?post=63844"}],"version-history":[{"count":6,"href":"https:\/\/www.tires-recycling.eu\/es\/wp-json\/wp\/v2\/pages\/63844\/revisions"}],"predecessor-version":[{"id":65686,"href":"https:\/\/www.tires-recycling.eu\/es\/wp-json\/wp\/v2\/pages\/63844\/revisions\/65686"}],"up":[{"embeddable":true,"href":"https:\/\/www.tires-recycling.eu\/es\/wp-json\/wp\/v2\/pages\/63967"}],"wp:attachment":[{"href":"https:\/\/www.tires-recycling.eu\/es\/wp-json\/wp\/v2\/media?parent=63844"}],"curies":[{"name":"wp","href":"https:\/\/api.w.org\/{rel}","templated":true}]}}