{"id":63867,"date":"2019-12-12T09:28:44","date_gmt":"2019-12-12T09:28:44","guid":{"rendered":"https:\/\/www.tires-recycling.eu\/contatti\/"},"modified":"2025-11-05T01:50:11","modified_gmt":"2025-11-05T00:50:11","slug":"contactos","status":"publish","type":"page","link":"https:\/\/www.tires-recycling.eu\/es\/home\/contactos\/","title":{"rendered":"CONTACTOS"},"content":{"rendered":"\t\t<div data-elementor-type=\"wp-page\" data-elementor-id=\"63867\" class=\"elementor elementor-63867 elementor-640\">\n\t\t\t\t\t\t<section class=\"elementor-section elementor-top-section elementor-element elementor-element-979cca0 elementor-section-boxed elementor-section-height-default elementor-section-height-default\" data-id=\"979cca0\" data-element_type=\"section\">\n\t\t\t\t\t\t<div class=\"elementor-container elementor-column-gap-default\">\n\t\t\t\t\t<div class=\"elementor-column elementor-col-100 elementor-top-column elementor-element elementor-element-ef72b6f\" data-id=\"ef72b6f\" data-element_type=\"column\">\n\t\t\t<div class=\"elementor-widget-wrap elementor-element-populated\">\n\t\t\t\t\t\t<div class=\"elementor-element elementor-element-075e9af elementor-widget elementor-widget-spacer\" data-id=\"075e9af\" data-element_type=\"widget\" data-widget_type=\"spacer.default\">\n\t\t\t\t<div class=\"elementor-widget-container\">\n\t\t\t\t\t\t\t<div class=\"elementor-spacer\">\n\t\t\t<div class=\"elementor-spacer-inner\"><\/div>\n\t\t<\/div>\n\t\t\t\t\t\t<\/div>\n\t\t\t\t<\/div>\n\t\t\t\t\t<\/div>\n\t\t<\/div>\n\t\t\t\t\t<\/div>\n\t\t<\/section>\n\t\t\t\t<section class=\"elementor-section elementor-top-section elementor-element elementor-element-7639ff3 elementor-section-boxed elementor-section-height-default elementor-section-height-default\" data-id=\"7639ff3\" data-element_type=\"section\">\n\t\t\t\t\t\t<div class=\"elementor-container elementor-column-gap-default\">\n\t\t\t\t\t<div class=\"elementor-column elementor-col-50 elementor-top-column elementor-element elementor-element-2b8e44b\" data-id=\"2b8e44b\" data-element_type=\"column\">\n\t\t\t<div class=\"elementor-widget-wrap elementor-element-populated\">\n\t\t\t\t\t\t<div class=\"elementor-element elementor-element-a2c2f56 divider_yes elementor-widget elementor-widget-wgl-double-headings\" data-id=\"a2c2f56\" data-element_type=\"widget\" data-widget_type=\"wgl-double-headings.default\">\n\t\t\t\t<div class=\"elementor-widget-container\">\n\t\t\t\t\t<div class=\"wgl-double_heading aleft\"><div class=\"dbl-subtitle\"><span>Tires SPA srl<\/span><\/div>\t\t\t\t<h3 class=\"dbl-title_wrapper\"><span class=\"dbl-title dbl-title_1\">Contactos<\/span> \t\t\t\t<\/h3><span class=\"dbl-title dbl-bg_text\">contactos<\/span> \t\t<\/div>\t\t\t\t<\/div>\n\t\t\t\t<\/div>\n\t\t\t\t<div class=\"elementor-element elementor-element-fcfe847 elementor-position-left elementor-widget-icon-box wgl-icon-box elementor-view-default aleft elementor-widget elementor-widget-wgl-info-box\" data-id=\"fcfe847\" data-element_type=\"widget\" data-widget_type=\"wgl-info-box.default\">\n\t\t\t\t<div class=\"elementor-widget-container\">\n\t\t\t\t\t<div class=\"wgl-infobox\"><div class=\"wgl-infobox_wrapper elementor-icon-box-wrapper\"><div class=\"wgl-infobox-icon_wrapper elementor-icon-box-icon\"><div class=\"wgl-infobox-icon_container\"><span class=\"wgl-icon elementor-icon elementor-animation-\" ><i class=\"icon flaticon-pin\"><\/i><\/span><\/div><\/div><div class=\"wgl-infobox-content_wrapper elementor-icon-box-content\"><div class=\"wgl-infobox-title_wrapper\"><\/div><div class=\"wgl-infobox_content\"><p>via dell'industria n\u00b0 44<br \/>63076 MONTEPRANDONE (Italy)<\/p><\/div><\/div><\/div><\/div>\t\t\t\t<\/div>\n\t\t\t\t<\/div>\n\t\t\t\t<div class=\"elementor-element elementor-element-f63ecc2 elementor-position-left elementor-widget-icon-box wgl-icon-box elementor-view-default aleft elementor-widget elementor-widget-wgl-info-box\" data-id=\"f63ecc2\" data-element_type=\"widget\" data-widget_type=\"wgl-info-box.default\">\n\t\t\t\t<div class=\"elementor-widget-container\">\n\t\t\t\t\t<div class=\"wgl-infobox\"><div class=\"wgl-infobox_wrapper elementor-icon-box-wrapper\"><div class=\"wgl-infobox-icon_wrapper elementor-icon-box-icon\"><div class=\"wgl-infobox-icon_container\"><a class=\"wgl-icon elementor-icon elementor-animation-\" href=\"mailto:info@tiresspa.com\"><i class=\"icon flaticon-at\"><\/i><\/a><\/div><\/div><div class=\"wgl-infobox-content_wrapper elementor-icon-box-content\"><div class=\"wgl-infobox-title_wrapper\"><\/div><div class=\"wgl-infobox_content\">info@tiresspa.com<\/div><\/div><\/div><\/div>\t\t\t\t<\/div>\n\t\t\t\t<\/div>\n\t\t\t\t<div class=\"elementor-element elementor-element-e21bbb8 elementor-position-left elementor-widget-icon-box wgl-icon-box elementor-view-default aleft elementor-widget elementor-widget-wgl-info-box\" data-id=\"e21bbb8\" data-element_type=\"widget\" data-widget_type=\"wgl-info-box.default\">\n\t\t\t\t<div class=\"elementor-widget-container\">\n\t\t\t\t\t<div class=\"wgl-infobox\"><div class=\"wgl-infobox_wrapper elementor-icon-box-wrapper\"><div class=\"wgl-infobox-icon_wrapper elementor-icon-box-icon\"><div class=\"wgl-infobox-icon_container\"><span class=\"wgl-icon elementor-icon elementor-animation-\" ><i class=\"icon flaticon-phone-1\"><\/i><\/span><\/div><\/div><div class=\"wgl-infobox-content_wrapper elementor-icon-box-content\"><div class=\"wgl-infobox-title_wrapper\"><\/div><div class=\"wgl-infobox_content\"><p><span>+39 (0735) 70 28 51<\/span><\/p><\/div><\/div><\/div><\/div>\t\t\t\t<\/div>\n\t\t\t\t<\/div>\n\t\t\t\t<div class=\"elementor-element elementor-element-a22d3f0 elementor-widget elementor-widget-spacer\" data-id=\"a22d3f0\" data-element_type=\"widget\" data-widget_type=\"spacer.default\">\n\t\t\t\t<div class=\"elementor-widget-container\">\n\t\t\t\t\t\t\t<div class=\"elementor-spacer\">\n\t\t\t<div class=\"elementor-spacer-inner\"><\/div>\n\t\t<\/div>\n\t\t\t\t\t\t<\/div>\n\t\t\t\t<\/div>\n\t\t\t\t\t<\/div>\n\t\t<\/div>\n\t\t\t\t<div class=\"elementor-column elementor-col-50 elementor-top-column elementor-element elementor-element-d927350\" data-id=\"d927350\" data-element_type=\"column\" data-settings=\"{&quot;background_background&quot;:&quot;classic&quot;}\">\n\t\t\t<div class=\"elementor-widget-wrap elementor-element-populated\">\n\t\t\t\t\t\t<div class=\"elementor-element elementor-element-0bd2c1a elementor-widget elementor-widget-heading\" data-id=\"0bd2c1a\" data-element_type=\"widget\" data-widget_type=\"heading.default\">\n\t\t\t\t<div class=\"elementor-widget-container\">\n\t\t\t\t\t<h4 class=\"elementor-heading-title elementor-size-default\">Enviar Mensaje<\/h4>\t\t\t\t<\/div>\n\t\t\t\t<\/div>\n\t\t\t\t<div class=\"elementor-element elementor-element-c56d4ea elementor-widget elementor-widget-text-editor\" data-id=\"c56d4ea\" data-element_type=\"widget\" data-widget_type=\"text-editor.default\">\n\t\t\t\t<div class=\"elementor-widget-container\">\n\t\t\t\t\t\t\t\t\t\n<div class=\"wpcf7 no-js\" id=\"wpcf7-f67730-o1\" lang=\"es-ES\" dir=\"ltr\" data-wpcf7-id=\"67730\">\n<div class=\"screen-reader-response\"><p role=\"status\" aria-live=\"polite\" aria-atomic=\"true\"><\/p> <ul><\/ul><\/div>\n<form action=\"\/es\/wp-json\/wp\/v2\/pages\/63867#wpcf7-f67730-o1\" method=\"post\" class=\"wpcf7-form init\" aria-label=\"Formulario de contacto\" novalidate=\"novalidate\" data-status=\"init\">\n<fieldset class=\"hidden-fields-container\"><input type=\"hidden\" name=\"_wpcf7\" value=\"67730\" \/><input type=\"hidden\" name=\"_wpcf7_version\" value=\"6.1.4\" \/><input type=\"hidden\" name=\"_wpcf7_locale\" value=\"es_ES\" \/><input type=\"hidden\" name=\"_wpcf7_unit_tag\" value=\"wpcf7-f67730-o1\" \/><input type=\"hidden\" name=\"_wpcf7_container_post\" value=\"0\" \/><input type=\"hidden\" name=\"_wpcf7_posted_data_hash\" value=\"\" \/>\n<\/fieldset>\n<label> Nome *\n    <span class=\"wpcf7-form-control-wrap\" data-name=\"your-name\"><input size=\"40\" maxlength=\"400\" class=\"wpcf7-form-control wpcf7-text wpcf7-validates-as-required\" aria-required=\"true\" aria-invalid=\"false\" value=\"\" type=\"text\" name=\"your-name\" \/><\/span> <\/label>\n\n<label> Email *\n    <span class=\"wpcf7-form-control-wrap\" data-name=\"your-email\"><input size=\"40\" maxlength=\"400\" class=\"wpcf7-form-control wpcf7-email wpcf7-validates-as-required wpcf7-text wpcf7-validates-as-email\" aria-required=\"true\" aria-invalid=\"false\" value=\"\" type=\"email\" name=\"your-email\" \/><\/span> <\/label>\n\n<label> Mensaje\n    <span class=\"wpcf7-form-control-wrap\" data-name=\"your-message\"><textarea cols=\"40\" rows=\"10\" maxlength=\"2000\" class=\"wpcf7-form-control wpcf7-textarea\" aria-invalid=\"false\" name=\"your-message\"><\/textarea><\/span> <\/label>\n<span class=\"wpcf7-form-control-wrap\" data-name=\"quiz-4\"><label><span class=\"wpcf7-quiz-label\">Antispam 30+16=?<\/span> <input size=\"40\" class=\"wpcf7-form-control wpcf7-quiz\" autocomplete=\"off\" aria-required=\"true\" aria-invalid=\"false\" type=\"text\" name=\"quiz-4\" \/><\/label><input type=\"hidden\" name=\"_wpcf7_quiz_answer_quiz-4\" value=\"4d7a646bc4528d2e5435fd8e210c2e5d\" \/><\/span>\n\n<input class=\"wpcf7-form-control wpcf7-submit has-spinner\" type=\"submit\" value=\"ENVIAR\" \/><div class=\"wpcf7-response-output\" aria-hidden=\"true\"><\/div>\n<\/form>\n<\/div>\n\t\t\t\t\t\t\t\t<\/div>\n\t\t\t\t<\/div>\n\t\t\t\t\t<\/div>\n\t\t<\/div>\n\t\t\t\t\t<\/div>\n\t\t<\/section>\n\t\t\t\t<section class=\"elementor-section elementor-top-section elementor-element elementor-element-24c1047 elementor-section-boxed elementor-section-height-default elementor-section-height-default\" data-id=\"24c1047\" data-element_type=\"section\">\n\t\t\t\t\t\t<div class=\"elementor-container elementor-column-gap-default\">\n\t\t\t\t\t<div class=\"elementor-column elementor-col-100 elementor-top-column elementor-element elementor-element-d1e1fca\" data-id=\"d1e1fca\" data-element_type=\"column\">\n\t\t\t<div class=\"elementor-widget-wrap elementor-element-populated\">\n\t\t\t\t\t\t<div class=\"elementor-element elementor-element-e11b782 elementor-widget elementor-widget-spacer\" data-id=\"e11b782\" data-element_type=\"widget\" data-widget_type=\"spacer.default\">\n\t\t\t\t<div class=\"elementor-widget-container\">\n\t\t\t\t\t\t\t<div class=\"elementor-spacer\">\n\t\t\t<div class=\"elementor-spacer-inner\"><\/div>\n\t\t<\/div>\n\t\t\t\t\t\t<\/div>\n\t\t\t\t<\/div>\n\t\t\t\t\t<\/div>\n\t\t<\/div>\n\t\t\t\t\t<\/div>\n\t\t<\/section>\n\t\t\t\t<section class=\"elementor-section elementor-top-section elementor-element elementor-element-05486c6 elementor-section-boxed elementor-section-height-default elementor-section-height-default\" data-id=\"05486c6\" data-element_type=\"section\">\n\t\t\t\t\t\t<div class=\"elementor-container elementor-column-gap-default\">\n\t\t\t\t\t<div class=\"elementor-column elementor-col-100 elementor-top-column elementor-element elementor-element-13377be\" data-id=\"13377be\" data-element_type=\"column\">\n\t\t\t<div class=\"elementor-widget-wrap elementor-element-populated\">\n\t\t\t\t\t\t<div class=\"elementor-element elementor-element-be38315 elementor-widget elementor-widget-google_maps\" data-id=\"be38315\" data-element_type=\"widget\" data-widget_type=\"google_maps.default\">\n\t\t\t\t<div class=\"elementor-widget-container\">\n\t\t\t\t\t\t\t<div class=\"elementor-custom-embed\">\n\t\t\t<iframe loading=\"lazy\"\n\t\t\t\t\tsrc=\"https:\/\/maps.google.com\/maps?q=TIRES%20SOLUZIONI%20PER%20L%27AMBIENTE%20s.r.l%20VIA%20DELL%27INDUSTRIA%2044%2063076%20MONTEPRANDONE%20%28AP%29&#038;t=m&#038;z=12&#038;output=embed&#038;iwloc=near\"\n\t\t\t\t\ttitle=\"TIRES SOLUZIONI PER L&#039;AMBIENTE s.r.l VIA DELL&#039;INDUSTRIA 44 63076 MONTEPRANDONE (AP)\"\n\t\t\t\t\taria-label=\"TIRES SOLUZIONI PER L&#039;AMBIENTE s.r.l VIA DELL&#039;INDUSTRIA 44 63076 MONTEPRANDONE (AP)\"\n\t\t\t><\/iframe>\n\t\t<\/div>\n\t\t\t\t\t\t<\/div>\n\t\t\t\t<\/div>\n\t\t\t\t\t<\/div>\n\t\t<\/div>\n\t\t\t\t\t<\/div>\n\t\t<\/section>\n\t\t\t\t<section class=\"elementor-section elementor-top-section elementor-element elementor-element-5ed449f elementor-section-boxed elementor-section-height-default elementor-section-height-default\" data-id=\"5ed449f\" data-element_type=\"section\">\n\t\t\t\t\t\t<div class=\"elementor-container elementor-column-gap-default\">\n\t\t\t\t\t<div class=\"elementor-column elementor-col-100 elementor-top-column elementor-element elementor-element-5396685\" data-id=\"5396685\" data-element_type=\"column\">\n\t\t\t<div class=\"elementor-widget-wrap elementor-element-populated\">\n\t\t\t\t\t\t<div class=\"elementor-element elementor-element-9662a33 elementor-widget elementor-widget-spacer\" data-id=\"9662a33\" data-element_type=\"widget\" data-widget_type=\"spacer.default\">\n\t\t\t\t<div class=\"elementor-widget-container\">\n\t\t\t\t\t\t\t<div class=\"elementor-spacer\">\n\t\t\t<div class=\"elementor-spacer-inner\"><\/div>\n\t\t<\/div>\n\t\t\t\t\t\t<\/div>\n\t\t\t\t<\/div>\n\t\t\t\t\t<\/div>\n\t\t<\/div>\n\t\t\t\t\t<\/div>\n\t\t<\/section>\n\t\t\t\t<\/div>\n\t\t","protected":false},"excerpt":{"rendered":"<p>Tires SPA srl Contactos contactos via dell&#8217;industria n\u00b0 4463076 MONTEPRANDONE (Italy) info@tiresspa.com +39 (0735) 70 28 51 Enviar Mensaje<\/p>\n","protected":false},"author":1,"featured_media":66496,"parent":63967,"menu_order":0,"comment_status":"closed","ping_status":"closed","template":"","meta":{"footnotes":""},"class_list":["post-63867","page","type-page","status-publish","has-post-thumbnail","hentry"],"yoast_head":"<!-- This site is optimized with the Yoast SEO plugin v26.7 - https:\/\/yoast.com\/wordpress\/plugins\/seo\/ -->\n<title>CONTACTOS<\/title>\n<meta name=\"description\" content=\"TIRES producci\u00f3n sistemas y maquinaria para reciclaje neum\u00e1ticos usados y c\u00e9sped sint\u00e9tico. Planta para moldear productos de caucho.\" \/>\n<meta name=\"robots\" content=\"index, follow, max-snippet:-1, max-image-preview:large, max-video-preview:-1\" \/>\n<link rel=\"canonical\" href=\"https:\/\/www.tires-recycling.eu\/es\/home\/contactos\/\" \/>\n<meta property=\"og:locale\" content=\"es_ES\" \/>\n<meta property=\"og:type\" content=\"article\" \/>\n<meta property=\"og:title\" content=\"CONTACTOS\" \/>\n<meta property=\"og:description\" content=\"TIRES producci\u00f3n sistemas y maquinaria para reciclaje neum\u00e1ticos usados y c\u00e9sped sint\u00e9tico. Planta para moldear productos de caucho.\" \/>\n<meta property=\"og:url\" content=\"https:\/\/www.tires-recycling.eu\/es\/home\/contactos\/\" \/>\n<meta property=\"og:site_name\" content=\"Maquinaria y planta de reciclaje de neum\u00e1ticos\" \/>\n<meta property=\"article:modified_time\" content=\"2025-11-05T00:50:11+00:00\" \/>\n<meta property=\"og:image\" content=\"https:\/\/www.tires-recycling.eu\/wp-content\/uploads\/2024\/06\/TIRES-Recycling-machinery-and-lines.jpg\" \/>\n\t<meta property=\"og:image:width\" content=\"851\" \/>\n\t<meta property=\"og:image:height\" content=\"315\" \/>\n\t<meta property=\"og:image:type\" content=\"image\/jpeg\" \/>\n<meta name=\"twitter:card\" content=\"summary_large_image\" \/>\n<meta name=\"twitter:label1\" content=\"Tiempo de lectura\" \/>\n\t<meta name=\"twitter:data1\" content=\"1 minuto\" \/>\n<script type=\"application\/ld+json\" class=\"yoast-schema-graph\">{\"@context\":\"https:\/\/schema.org\",\"@graph\":[{\"@type\":\"WebPage\",\"@id\":\"https:\/\/www.tires-recycling.eu\/es\/home\/contactos\/\",\"url\":\"https:\/\/www.tires-recycling.eu\/es\/home\/contactos\/\",\"name\":\"CONTACTOS\",\"isPartOf\":{\"@id\":\"https:\/\/www.tires-recycling.eu\/es\/#website\"},\"primaryImageOfPage\":{\"@id\":\"https:\/\/www.tires-recycling.eu\/es\/home\/contactos\/#primaryimage\"},\"image\":{\"@id\":\"https:\/\/www.tires-recycling.eu\/es\/home\/contactos\/#primaryimage\"},\"thumbnailUrl\":\"https:\/\/www.tires-recycling.eu\/wp-content\/uploads\/2024\/06\/TIRES-Recycling-machinery-and-lines.jpg\",\"datePublished\":\"2019-12-12T09:28:44+00:00\",\"dateModified\":\"2025-11-05T00:50:11+00:00\",\"description\":\"TIRES producci\u00f3n sistemas y maquinaria para reciclaje neum\u00e1ticos usados y c\u00e9sped sint\u00e9tico. Planta para moldear productos de caucho.\",\"breadcrumb\":{\"@id\":\"https:\/\/www.tires-recycling.eu\/es\/home\/contactos\/#breadcrumb\"},\"inLanguage\":\"es\",\"potentialAction\":[{\"@type\":\"ReadAction\",\"target\":[\"https:\/\/www.tires-recycling.eu\/es\/home\/contactos\/\"]}]},{\"@type\":\"ImageObject\",\"inLanguage\":\"es\",\"@id\":\"https:\/\/www.tires-recycling.eu\/es\/home\/contactos\/#primaryimage\",\"url\":\"https:\/\/www.tires-recycling.eu\/wp-content\/uploads\/2024\/06\/TIRES-Recycling-machinery-and-lines.jpg\",\"contentUrl\":\"https:\/\/www.tires-recycling.eu\/wp-content\/uploads\/2024\/06\/TIRES-Recycling-machinery-and-lines.jpg\",\"width\":851,\"height\":315,\"caption\":\"TIRES Recycling machinery and lines\"},{\"@type\":\"BreadcrumbList\",\"@id\":\"https:\/\/www.tires-recycling.eu\/es\/home\/contactos\/#breadcrumb\",\"itemListElement\":[{\"@type\":\"ListItem\",\"position\":1,\"name\":\"Home\",\"item\":\"https:\/\/www.tires-recycling.eu\/es\/\"},{\"@type\":\"ListItem\",\"position\":2,\"name\":\"Planta de reciclaje | Neum\u00e1ticos | Cesped sintetico\",\"item\":\"https:\/\/www.tires-recycling.eu\/es\/\"},{\"@type\":\"ListItem\",\"position\":3,\"name\":\"CONTACTOS\"}]},{\"@type\":\"WebSite\",\"@id\":\"https:\/\/www.tires-recycling.eu\/es\/#website\",\"url\":\"https:\/\/www.tires-recycling.eu\/es\/\",\"name\":\"tires recycling machinery & plant\",\"description\":\"Proyecto y construcci\u00f3n de m\u00e1quinas con sistema en l\u00ednea para reciclaje de neum\u00e1ticos usados \u200b\u200by c\u00e9sped artificial sint\u00e9tico | Vender tecnolog\u00eda verde\",\"publisher\":{\"@id\":\"https:\/\/www.tires-recycling.eu\/es\/#organization\"},\"alternateName\":\"tires recycling machinery & plant\",\"potentialAction\":[{\"@type\":\"SearchAction\",\"target\":{\"@type\":\"EntryPoint\",\"urlTemplate\":\"https:\/\/www.tires-recycling.eu\/es\/?s={search_term_string}\"},\"query-input\":{\"@type\":\"PropertyValueSpecification\",\"valueRequired\":true,\"valueName\":\"search_term_string\"}}],\"inLanguage\":\"es\"},{\"@type\":\"Organization\",\"@id\":\"https:\/\/www.tires-recycling.eu\/es\/#organization\",\"name\":\"Tires Recycling\",\"alternateName\":\"TIRES SPA\",\"url\":\"https:\/\/www.tires-recycling.eu\/es\/\",\"logo\":{\"@type\":\"ImageObject\",\"inLanguage\":\"es\",\"@id\":\"https:\/\/www.tires-recycling.eu\/es\/#\/schema\/logo\/image\/\",\"url\":\"https:\/\/www.tires-recycling.eu\/wp-content\/uploads\/2024\/04\/cropped-tires-black-png.png\",\"contentUrl\":\"https:\/\/www.tires-recycling.eu\/wp-content\/uploads\/2024\/04\/cropped-tires-black-png.png\",\"width\":512,\"height\":512,\"caption\":\"Tires Recycling\"},\"image\":{\"@id\":\"https:\/\/www.tires-recycling.eu\/es\/#\/schema\/logo\/image\/\"}}]}<\/script>\n<!-- \/ Yoast SEO plugin. -->","yoast_head_json":{"title":"CONTACTOS","description":"TIRES producci\u00f3n sistemas y maquinaria para reciclaje neum\u00e1ticos usados y c\u00e9sped sint\u00e9tico. Planta para moldear productos de caucho.","robots":{"index":"index","follow":"follow","max-snippet":"max-snippet:-1","max-image-preview":"max-image-preview:large","max-video-preview":"max-video-preview:-1"},"canonical":"https:\/\/www.tires-recycling.eu\/es\/home\/contactos\/","og_locale":"es_ES","og_type":"article","og_title":"CONTACTOS","og_description":"TIRES producci\u00f3n sistemas y maquinaria para reciclaje neum\u00e1ticos usados y c\u00e9sped sint\u00e9tico. Planta para moldear productos de caucho.","og_url":"https:\/\/www.tires-recycling.eu\/es\/home\/contactos\/","og_site_name":"Maquinaria y planta de reciclaje de neum\u00e1ticos","article_modified_time":"2025-11-05T00:50:11+00:00","og_image":[{"width":851,"height":315,"url":"https:\/\/www.tires-recycling.eu\/wp-content\/uploads\/2024\/06\/TIRES-Recycling-machinery-and-lines.jpg","type":"image\/jpeg"}],"twitter_card":"summary_large_image","twitter_misc":{"Tiempo de lectura":"1 minuto"},"schema":{"@context":"https:\/\/schema.org","@graph":[{"@type":"WebPage","@id":"https:\/\/www.tires-recycling.eu\/es\/home\/contactos\/","url":"https:\/\/www.tires-recycling.eu\/es\/home\/contactos\/","name":"CONTACTOS","isPartOf":{"@id":"https:\/\/www.tires-recycling.eu\/es\/#website"},"primaryImageOfPage":{"@id":"https:\/\/www.tires-recycling.eu\/es\/home\/contactos\/#primaryimage"},"image":{"@id":"https:\/\/www.tires-recycling.eu\/es\/home\/contactos\/#primaryimage"},"thumbnailUrl":"https:\/\/www.tires-recycling.eu\/wp-content\/uploads\/2024\/06\/TIRES-Recycling-machinery-and-lines.jpg","datePublished":"2019-12-12T09:28:44+00:00","dateModified":"2025-11-05T00:50:11+00:00","description":"TIRES producci\u00f3n sistemas y maquinaria para reciclaje neum\u00e1ticos usados y c\u00e9sped sint\u00e9tico. Planta para moldear productos de caucho.","breadcrumb":{"@id":"https:\/\/www.tires-recycling.eu\/es\/home\/contactos\/#breadcrumb"},"inLanguage":"es","potentialAction":[{"@type":"ReadAction","target":["https:\/\/www.tires-recycling.eu\/es\/home\/contactos\/"]}]},{"@type":"ImageObject","inLanguage":"es","@id":"https:\/\/www.tires-recycling.eu\/es\/home\/contactos\/#primaryimage","url":"https:\/\/www.tires-recycling.eu\/wp-content\/uploads\/2024\/06\/TIRES-Recycling-machinery-and-lines.jpg","contentUrl":"https:\/\/www.tires-recycling.eu\/wp-content\/uploads\/2024\/06\/TIRES-Recycling-machinery-and-lines.jpg","width":851,"height":315,"caption":"TIRES Recycling machinery and lines"},{"@type":"BreadcrumbList","@id":"https:\/\/www.tires-recycling.eu\/es\/home\/contactos\/#breadcrumb","itemListElement":[{"@type":"ListItem","position":1,"name":"Home","item":"https:\/\/www.tires-recycling.eu\/es\/"},{"@type":"ListItem","position":2,"name":"Planta de reciclaje | Neum\u00e1ticos | Cesped sintetico","item":"https:\/\/www.tires-recycling.eu\/es\/"},{"@type":"ListItem","position":3,"name":"CONTACTOS"}]},{"@type":"WebSite","@id":"https:\/\/www.tires-recycling.eu\/es\/#website","url":"https:\/\/www.tires-recycling.eu\/es\/","name":"tires recycling machinery & plant","description":"Proyecto y construcci\u00f3n de m\u00e1quinas con sistema en l\u00ednea para reciclaje de neum\u00e1ticos usados \u200b\u200by c\u00e9sped artificial sint\u00e9tico | Vender tecnolog\u00eda verde","publisher":{"@id":"https:\/\/www.tires-recycling.eu\/es\/#organization"},"alternateName":"tires recycling machinery & plant","potentialAction":[{"@type":"SearchAction","target":{"@type":"EntryPoint","urlTemplate":"https:\/\/www.tires-recycling.eu\/es\/?s={search_term_string}"},"query-input":{"@type":"PropertyValueSpecification","valueRequired":true,"valueName":"search_term_string"}}],"inLanguage":"es"},{"@type":"Organization","@id":"https:\/\/www.tires-recycling.eu\/es\/#organization","name":"Tires Recycling","alternateName":"TIRES SPA","url":"https:\/\/www.tires-recycling.eu\/es\/","logo":{"@type":"ImageObject","inLanguage":"es","@id":"https:\/\/www.tires-recycling.eu\/es\/#\/schema\/logo\/image\/","url":"https:\/\/www.tires-recycling.eu\/wp-content\/uploads\/2024\/04\/cropped-tires-black-png.png","contentUrl":"https:\/\/www.tires-recycling.eu\/wp-content\/uploads\/2024\/04\/cropped-tires-black-png.png","width":512,"height":512,"caption":"Tires Recycling"},"image":{"@id":"https:\/\/www.tires-recycling.eu\/es\/#\/schema\/logo\/image\/"}}]}},"_links":{"self":[{"href":"https:\/\/www.tires-recycling.eu\/es\/wp-json\/wp\/v2\/pages\/63867","targetHints":{"allow":["GET"]}}],"collection":[{"href":"https:\/\/www.tires-recycling.eu\/es\/wp-json\/wp\/v2\/pages"}],"about":[{"href":"https:\/\/www.tires-recycling.eu\/es\/wp-json\/wp\/v2\/types\/page"}],"author":[{"embeddable":true,"href":"https:\/\/www.tires-recycling.eu\/es\/wp-json\/wp\/v2\/users\/1"}],"replies":[{"embeddable":true,"href":"https:\/\/www.tires-recycling.eu\/es\/wp-json\/wp\/v2\/comments?post=63867"}],"version-history":[{"count":11,"href":"https:\/\/www.tires-recycling.eu\/es\/wp-json\/wp\/v2\/pages\/63867\/revisions"}],"predecessor-version":[{"id":67733,"href":"https:\/\/www.tires-recycling.eu\/es\/wp-json\/wp\/v2\/pages\/63867\/revisions\/67733"}],"up":[{"embeddable":true,"href":"https:\/\/www.tires-recycling.eu\/es\/wp-json\/wp\/v2\/pages\/63967"}],"wp:featuredmedia":[{"embeddable":true,"href":"https:\/\/www.tires-recycling.eu\/es\/wp-json\/wp\/v2\/media\/66496"}],"wp:attachment":[{"href":"https:\/\/www.tires-recycling.eu\/es\/wp-json\/wp\/v2\/media?parent=63867"}],"curies":[{"name":"wp","href":"https:\/\/api.w.org\/{rel}","templated":true}]}}