{"id":64256,"date":"2024-04-19T16:21:46","date_gmt":"2024-04-19T14:21:46","guid":{"rendered":"https:\/\/www.tires-recycling.eu\/impianti\/"},"modified":"2026-01-19T15:42:21","modified_gmt":"2026-01-19T14:42:21","slug":"planta","status":"publish","type":"page","link":"https:\/\/www.tires-recycling.eu\/es\/home\/planta\/","title":{"rendered":"Planta reciclaje neum\u00e1ticos usados y c\u00e9sped artificial"},"content":{"rendered":"\t\t<div data-elementor-type=\"wp-page\" data-elementor-id=\"64256\" class=\"elementor elementor-64256 elementor-64247\">\n\t\t\t\t\t\t<section class=\"elementor-section elementor-top-section elementor-element elementor-element-6ef98bd elementor-section-boxed elementor-section-height-default elementor-section-height-default\" data-id=\"6ef98bd\" data-element_type=\"section\">\n\t\t\t\t\t\t<div class=\"elementor-container elementor-column-gap-default\">\n\t\t\t\t\t<div class=\"elementor-column elementor-col-100 elementor-top-column elementor-element elementor-element-12ceb8f\" data-id=\"12ceb8f\" data-element_type=\"column\">\n\t\t\t<div class=\"elementor-widget-wrap elementor-element-populated\">\n\t\t\t\t\t\t<div class=\"elementor-element elementor-element-bd9f728 elementor-widget elementor-widget-spacer\" data-id=\"bd9f728\" data-element_type=\"widget\" data-widget_type=\"spacer.default\">\n\t\t\t\t<div class=\"elementor-widget-container\">\n\t\t\t\t\t\t\t<div class=\"elementor-spacer\">\n\t\t\t<div class=\"elementor-spacer-inner\"><\/div>\n\t\t<\/div>\n\t\t\t\t\t\t<\/div>\n\t\t\t\t<\/div>\n\t\t\t\t\t<\/div>\n\t\t<\/div>\n\t\t\t\t\t<\/div>\n\t\t<\/section>\n\t\t\t\t<section class=\"elementor-section elementor-top-section elementor-element elementor-element-5f1a461 elementor-section-boxed elementor-section-height-default elementor-section-height-default\" data-id=\"5f1a461\" data-element_type=\"section\">\n\t\t\t\t\t\t<div class=\"elementor-container elementor-column-gap-default\">\n\t\t\t\t\t<div class=\"elementor-column elementor-col-100 elementor-top-column elementor-element elementor-element-01f84be\" data-id=\"01f84be\" data-element_type=\"column\">\n\t\t\t<div class=\"elementor-widget-wrap elementor-element-populated\">\n\t\t\t\t\t\t<div class=\"elementor-element elementor-element-566d398 divider_yes elementor-widget elementor-widget-wgl-double-headings\" data-id=\"566d398\" data-element_type=\"widget\" data-widget_type=\"wgl-double-headings.default\">\n\t\t\t\t<div class=\"elementor-widget-container\">\n\t\t\t\t\t<div class=\"wgl-double_heading acenter\">\t\t\t\t<h1 class=\"dbl-title_wrapper\"><span class=\"dbl-title dbl-title_1\">Planta reciclaje neum\u00e1ticos usados y c\u00e9sped artificial<\/span> \t\t\t\t<\/h1><span class=\"dbl-title dbl-bg_text\">PLANTA<\/span> \t\t<\/div>\t\t\t\t<\/div>\n\t\t\t\t<\/div>\n\t\t\t\t\t<\/div>\n\t\t<\/div>\n\t\t\t\t\t<\/div>\n\t\t<\/section>\n\t\t\t\t<section class=\"elementor-section elementor-top-section elementor-element elementor-element-118e99a elementor-section-boxed elementor-section-height-default elementor-section-height-default\" data-id=\"118e99a\" data-element_type=\"section\">\n\t\t\t\t\t\t<div class=\"elementor-container elementor-column-gap-default\">\n\t\t\t\t\t<div class=\"elementor-column elementor-col-100 elementor-top-column elementor-element elementor-element-46985c0\" data-id=\"46985c0\" data-element_type=\"column\">\n\t\t\t<div class=\"elementor-widget-wrap elementor-element-populated\">\n\t\t\t\t\t\t<div class=\"elementor-element elementor-element-d43c4d0 elementor-widget elementor-widget-spacer\" data-id=\"d43c4d0\" data-element_type=\"widget\" data-widget_type=\"spacer.default\">\n\t\t\t\t<div class=\"elementor-widget-container\">\n\t\t\t\t\t\t\t<div class=\"elementor-spacer\">\n\t\t\t<div class=\"elementor-spacer-inner\"><\/div>\n\t\t<\/div>\n\t\t\t\t\t\t<\/div>\n\t\t\t\t<\/div>\n\t\t\t\t\t<\/div>\n\t\t<\/div>\n\t\t\t\t\t<\/div>\n\t\t<\/section>\n\t\t\t\t<section class=\"elementor-section elementor-top-section elementor-element elementor-element-3dbcebc elementor-section-boxed elementor-section-height-default elementor-section-height-default\" data-id=\"3dbcebc\" data-element_type=\"section\">\n\t\t\t\t\t\t<div class=\"elementor-container elementor-column-gap-default\">\n\t\t\t\t\t<div class=\"elementor-column elementor-col-100 elementor-top-column elementor-element elementor-element-e761c38\" data-id=\"e761c38\" data-element_type=\"column\">\n\t\t\t<div class=\"elementor-widget-wrap elementor-element-populated\">\n\t\t\t\t\t\t<div class=\"elementor-element elementor-element-86fa8cb elementor-widget elementor-widget-spacer\" data-id=\"86fa8cb\" data-element_type=\"widget\" data-widget_type=\"spacer.default\">\n\t\t\t\t<div class=\"elementor-widget-container\">\n\t\t\t\t\t\t\t<div class=\"elementor-spacer\">\n\t\t\t<div class=\"elementor-spacer-inner\"><\/div>\n\t\t<\/div>\n\t\t\t\t\t\t<\/div>\n\t\t\t\t<\/div>\n\t\t\t\t\t<\/div>\n\t\t<\/div>\n\t\t\t\t\t<\/div>\n\t\t<\/section>\n\t\t\t\t<section class=\"elementor-section elementor-top-section elementor-element elementor-element-8ea2bbc elementor-section-boxed elementor-section-height-default elementor-section-height-default\" data-id=\"8ea2bbc\" data-element_type=\"section\">\n\t\t\t\t\t\t<div class=\"elementor-container elementor-column-gap-default\">\n\t\t\t\t\t<div class=\"elementor-column elementor-col-100 elementor-top-column elementor-element elementor-element-b2f154b\" data-id=\"b2f154b\" data-element_type=\"column\">\n\t\t\t<div class=\"elementor-widget-wrap elementor-element-populated\">\n\t\t\t\t\t\t<div class=\"elementor-element elementor-element-955d7b4 elementor-widget elementor-widget-wgl-portfolio\" data-id=\"955d7b4\" data-element_type=\"widget\" data-widget_type=\"wgl-portfolio.default\">\n\t\t\t\t<div class=\"elementor-widget-container\">\n\t\t\t\t\t<section class=\"wgl_cpt_section\"><div class=\"wgl-portfolio\" id=\"portfolio_module_69dedbfe83f12\"><div class=\"wgl-portfolio_wrapper\"><div class=\"wgl-portfolio_container container-grid row grid portfolio_columns-3\"  style=\"margin-right:-15px; margin-left:-15px; margin-bottom:-30px;\"><\/div><\/div><\/div><\/section>\t\t\t\t<\/div>\n\t\t\t\t<\/div>\n\t\t\t\t\t<\/div>\n\t\t<\/div>\n\t\t\t\t\t<\/div>\n\t\t<\/section>\n\t\t\t\t<section class=\"elementor-section elementor-top-section elementor-element elementor-element-fe8a42f elementor-section-boxed elementor-section-height-default elementor-section-height-default\" data-id=\"fe8a42f\" data-element_type=\"section\" data-settings=\"{&quot;background_background&quot;:&quot;classic&quot;}\">\n\t\t\t\t\t\t<div class=\"elementor-container elementor-column-gap-extended\">\n\t\t\t\t\t<div class=\"elementor-column elementor-col-100 elementor-top-column elementor-element elementor-element-4ab592e\" data-id=\"4ab592e\" data-element_type=\"column\">\n\t\t\t<div class=\"elementor-widget-wrap elementor-element-populated\">\n\t\t\t\t\t\t<div class=\"elementor-element elementor-element-cb4fbc5 elementor-widget elementor-widget-spacer\" data-id=\"cb4fbc5\" data-element_type=\"widget\" data-widget_type=\"spacer.default\">\n\t\t\t\t<div class=\"elementor-widget-container\">\n\t\t\t\t\t\t\t<div class=\"elementor-spacer\">\n\t\t\t<div class=\"elementor-spacer-inner\"><\/div>\n\t\t<\/div>\n\t\t\t\t\t\t<\/div>\n\t\t\t\t<\/div>\n\t\t\t\t<div class=\"elementor-element elementor-element-ff8dd49 elementor-widget elementor-widget-spacer\" data-id=\"ff8dd49\" data-element_type=\"widget\" data-widget_type=\"spacer.default\">\n\t\t\t\t<div class=\"elementor-widget-container\">\n\t\t\t\t\t\t\t<div class=\"elementor-spacer\">\n\t\t\t<div class=\"elementor-spacer-inner\"><\/div>\n\t\t<\/div>\n\t\t\t\t\t\t<\/div>\n\t\t\t\t<\/div>\n\t\t\t\t\t<\/div>\n\t\t<\/div>\n\t\t\t\t\t<\/div>\n\t\t<\/section>\n\t\t\t\t<section class=\"elementor-section elementor-top-section elementor-element elementor-element-e3ad359 elementor-section-boxed elementor-section-height-default elementor-section-height-default\" data-id=\"e3ad359\" data-element_type=\"section\">\n\t\t\t\t\t\t<div class=\"elementor-container elementor-column-gap-default\">\n\t\t\t\t\t<div class=\"elementor-column elementor-col-100 elementor-top-column elementor-element elementor-element-6b45e24\" data-id=\"6b45e24\" data-element_type=\"column\">\n\t\t\t<div class=\"elementor-widget-wrap elementor-element-populated\">\n\t\t\t\t\t\t<div class=\"elementor-element elementor-element-1076206 elementor-widget elementor-widget-spacer\" data-id=\"1076206\" data-element_type=\"widget\" data-widget_type=\"spacer.default\">\n\t\t\t\t<div class=\"elementor-widget-container\">\n\t\t\t\t\t\t\t<div class=\"elementor-spacer\">\n\t\t\t<div class=\"elementor-spacer-inner\"><\/div>\n\t\t<\/div>\n\t\t\t\t\t\t<\/div>\n\t\t\t\t<\/div>\n\t\t\t\t<div class=\"elementor-element elementor-element-9c86998 elementor-widget elementor-widget-heading\" data-id=\"9c86998\" data-element_type=\"widget\" data-widget_type=\"heading.default\">\n\t\t\t\t<div class=\"elementor-widget-container\">\n\t\t\t\t\t<h2 class=\"elementor-heading-title elementor-size-default\">Planta reciclaje neum\u00e1ticos y c\u00e9sped artificial<\/h2>\t\t\t\t<\/div>\n\t\t\t\t<\/div>\n\t\t\t\t\t<\/div>\n\t\t<\/div>\n\t\t\t\t\t<\/div>\n\t\t<\/section>\n\t\t\t\t<section class=\"elementor-section elementor-top-section elementor-element elementor-element-953683f elementor-section-boxed elementor-section-height-default elementor-section-height-default\" data-id=\"953683f\" data-element_type=\"section\">\n\t\t\t\t\t\t<div class=\"elementor-container elementor-column-gap-default\">\n\t\t\t\t\t<div class=\"elementor-column elementor-col-100 elementor-top-column elementor-element elementor-element-8b355dd\" data-id=\"8b355dd\" data-element_type=\"column\">\n\t\t\t<div class=\"elementor-widget-wrap elementor-element-populated\">\n\t\t\t\t\t\t<div class=\"elementor-element elementor-element-9e4aa72 elementor-widget elementor-widget-spacer\" data-id=\"9e4aa72\" data-element_type=\"widget\" data-widget_type=\"spacer.default\">\n\t\t\t\t<div class=\"elementor-widget-container\">\n\t\t\t\t\t\t\t<div class=\"elementor-spacer\">\n\t\t\t<div class=\"elementor-spacer-inner\"><\/div>\n\t\t<\/div>\n\t\t\t\t\t\t<\/div>\n\t\t\t\t<\/div>\n\t\t\t\t\t<\/div>\n\t\t<\/div>\n\t\t\t\t\t<\/div>\n\t\t<\/section>\n\t\t\t\t<section class=\"elementor-section elementor-top-section elementor-element elementor-element-30aa145 elementor-section-boxed elementor-section-height-default elementor-section-height-default\" data-id=\"30aa145\" data-element_type=\"section\">\n\t\t\t\t\t\t<div class=\"elementor-container elementor-column-gap-default\">\n\t\t\t\t\t<div class=\"elementor-column elementor-col-100 elementor-top-column elementor-element elementor-element-0e520f7\" data-id=\"0e520f7\" data-element_type=\"column\">\n\t\t\t<div class=\"elementor-widget-wrap elementor-element-populated\">\n\t\t\t\t\t\t<div class=\"elementor-element elementor-element-b992904 elementor-widget elementor-widget-text-editor\" data-id=\"b992904\" data-element_type=\"widget\" data-widget_type=\"text-editor.default\">\n\t\t\t\t<div class=\"elementor-widget-container\">\n\t\t\t\t\t\t\t\t\t<p>TIRES es una empresa l\u00edder en el dise\u00f1o y construcci\u00f3n de m\u00e1quinas y planta de reciclaje de residuos. Especializada desde 1998 en el campo del <a href=\"https:\/\/www.tires-recycling.eu\/es\/portfolio\/planta-de-reciclaje-de-neumaticos\/\">reciclaje de neumaticos<\/a>, ha creado soluciones modulares para clientes para procesos nuevos y existentes.<\/p><p>Nos ocupamos de REVAMPING industrial con el fin de aumentar la productividad y calidad del granulado de caucho.<\/p><p>La gama de plantas se completa con el uso de granulados en forma de productos dise\u00f1ados para el mercado del cliente.<\/p><p>Ofrecemos soluciones llave en mano para procesos completos para la m\u00e1xima confiabilidad para los clientes.<\/p><p>Nuestra gama de instalaciones se completa con el <a href=\"https:\/\/www.tires-recycling.eu\/es\/portfolio\/planta-de-reciclaje-de-cesped-sintetico\/\">reciclaje de c\u00e9sped deportivo sint\u00e9tico<\/a><\/p>\t\t\t\t\t\t\t\t<\/div>\n\t\t\t\t<\/div>\n\t\t\t\t\t<\/div>\n\t\t<\/div>\n\t\t\t\t\t<\/div>\n\t\t<\/section>\n\t\t\t\t<\/div>\n\t\t","protected":false},"excerpt":{"rendered":"<p>Planta reciclaje neum\u00e1ticos usados y c\u00e9sped artificial PLANTA PLANTA Planta Limpieza Acero Arm\u00f3nico | Reciclaje Neum\u00e1ticos &nbsp; PLANTA Planta Limpieza Fibras Textiles | Reciclaje Neum\u00e1ticos &nbsp; PLANTA Planta Pellet Fibras Textiles | Reciclaje Neum\u00e1ticos &nbsp; PLANTA Planta Coloraci\u00f3n Gr\u00e1nulos | Reciclaje Neum\u00e1ticos &nbsp; PLANTA Planta Moldeo Productos De Caucho | Reciclaje Neum\u00e1ticos &nbsp; PLANTA PLANTA [&hellip;]<\/p>\n","protected":false},"author":1,"featured_media":0,"parent":63967,"menu_order":0,"comment_status":"closed","ping_status":"closed","template":"","meta":{"footnotes":""},"class_list":["post-64256","page","type-page","status-publish","hentry"],"yoast_head":"<!-- This site is optimized with the Yoast SEO plugin v26.7 - https:\/\/yoast.com\/wordpress\/plugins\/seo\/ -->\n<title>Planta reciclaje neum\u00e1ticos usados y c\u00e9sped artificial<\/title>\n<meta name=\"description\" content=\"TIRES es una empresa l\u00edder en el dise\u00f1o y construcci\u00f3n de m\u00e1quinas y planta para el reciclaje residuos, neum\u00e1ticos usados y c\u00e9sped sint\u00e9tico\" \/>\n<meta name=\"robots\" content=\"index, follow, max-snippet:-1, max-image-preview:large, max-video-preview:-1\" \/>\n<link rel=\"canonical\" href=\"https:\/\/www.tires-recycling.eu\/es\/home\/planta\/\" \/>\n<meta property=\"og:locale\" content=\"es_ES\" \/>\n<meta property=\"og:type\" content=\"article\" \/>\n<meta property=\"og:title\" content=\"Planta reciclaje neum\u00e1ticos usados y c\u00e9sped artificial\" \/>\n<meta property=\"og:description\" content=\"TIRES es una empresa l\u00edder en el dise\u00f1o y construcci\u00f3n de m\u00e1quinas y planta para el reciclaje residuos, neum\u00e1ticos usados y c\u00e9sped sint\u00e9tico\" \/>\n<meta property=\"og:url\" content=\"https:\/\/www.tires-recycling.eu\/es\/home\/planta\/\" \/>\n<meta property=\"og:site_name\" content=\"Maquinaria y planta de reciclaje de neum\u00e1ticos\" \/>\n<meta property=\"article:modified_time\" content=\"2026-01-19T14:42:21+00:00\" \/>\n<meta property=\"og:image\" content=\"https:\/\/www.tires-recycling.eu\/wp-content\/uploads\/2024\/04\/pulizia_acciaio_evid-740x940.jpg\" \/>\n<meta name=\"twitter:card\" content=\"summary_large_image\" \/>\n<meta name=\"twitter:label1\" content=\"Tiempo de lectura\" \/>\n\t<meta name=\"twitter:data1\" content=\"3 minutos\" \/>\n<script type=\"application\/ld+json\" class=\"yoast-schema-graph\">{\"@context\":\"https:\/\/schema.org\",\"@graph\":[{\"@type\":\"WebPage\",\"@id\":\"https:\/\/www.tires-recycling.eu\/es\/home\/planta\/\",\"url\":\"https:\/\/www.tires-recycling.eu\/es\/home\/planta\/\",\"name\":\"Planta reciclaje neum\u00e1ticos usados y c\u00e9sped artificial\",\"isPartOf\":{\"@id\":\"https:\/\/www.tires-recycling.eu\/es\/#website\"},\"primaryImageOfPage\":{\"@id\":\"https:\/\/www.tires-recycling.eu\/es\/home\/planta\/#primaryimage\"},\"image\":{\"@id\":\"https:\/\/www.tires-recycling.eu\/es\/home\/planta\/#primaryimage\"},\"thumbnailUrl\":\"https:\/\/www.tires-recycling.eu\/wp-content\/uploads\/2024\/04\/pulizia_acciaio_evid-740x940.jpg\",\"datePublished\":\"2024-04-19T14:21:46+00:00\",\"dateModified\":\"2026-01-19T14:42:21+00:00\",\"description\":\"TIRES es una empresa l\u00edder en el dise\u00f1o y construcci\u00f3n de m\u00e1quinas y planta para el reciclaje residuos, neum\u00e1ticos usados y c\u00e9sped sint\u00e9tico\",\"breadcrumb\":{\"@id\":\"https:\/\/www.tires-recycling.eu\/es\/home\/planta\/#breadcrumb\"},\"inLanguage\":\"es\",\"potentialAction\":[{\"@type\":\"ReadAction\",\"target\":[\"https:\/\/www.tires-recycling.eu\/es\/home\/planta\/\"]}]},{\"@type\":\"ImageObject\",\"inLanguage\":\"es\",\"@id\":\"https:\/\/www.tires-recycling.eu\/es\/home\/planta\/#primaryimage\",\"url\":\"https:\/\/www.tires-recycling.eu\/wp-content\/uploads\/2024\/04\/pulizia_acciaio_evid-740x940.jpg\",\"contentUrl\":\"https:\/\/www.tires-recycling.eu\/wp-content\/uploads\/2024\/04\/pulizia_acciaio_evid-740x940.jpg\"},{\"@type\":\"BreadcrumbList\",\"@id\":\"https:\/\/www.tires-recycling.eu\/es\/home\/planta\/#breadcrumb\",\"itemListElement\":[{\"@type\":\"ListItem\",\"position\":1,\"name\":\"Home\",\"item\":\"https:\/\/www.tires-recycling.eu\/es\/\"},{\"@type\":\"ListItem\",\"position\":2,\"name\":\"Planta de reciclaje | Neum\u00e1ticos | Cesped sintetico\",\"item\":\"https:\/\/www.tires-recycling.eu\/es\/\"},{\"@type\":\"ListItem\",\"position\":3,\"name\":\"Planta reciclaje neum\u00e1ticos usados y c\u00e9sped artificial\"}]},{\"@type\":\"WebSite\",\"@id\":\"https:\/\/www.tires-recycling.eu\/es\/#website\",\"url\":\"https:\/\/www.tires-recycling.eu\/es\/\",\"name\":\"tires recycling machinery & plant\",\"description\":\"Proyecto y construcci\u00f3n de m\u00e1quinas con sistema en l\u00ednea para reciclaje de neum\u00e1ticos usados \u200b\u200by c\u00e9sped artificial sint\u00e9tico | Vender tecnolog\u00eda verde\",\"publisher\":{\"@id\":\"https:\/\/www.tires-recycling.eu\/es\/#organization\"},\"alternateName\":\"tires recycling machinery & plant\",\"potentialAction\":[{\"@type\":\"SearchAction\",\"target\":{\"@type\":\"EntryPoint\",\"urlTemplate\":\"https:\/\/www.tires-recycling.eu\/es\/?s={search_term_string}\"},\"query-input\":{\"@type\":\"PropertyValueSpecification\",\"valueRequired\":true,\"valueName\":\"search_term_string\"}}],\"inLanguage\":\"es\"},{\"@type\":\"Organization\",\"@id\":\"https:\/\/www.tires-recycling.eu\/es\/#organization\",\"name\":\"Tires Recycling\",\"alternateName\":\"TIRES SPA\",\"url\":\"https:\/\/www.tires-recycling.eu\/es\/\",\"logo\":{\"@type\":\"ImageObject\",\"inLanguage\":\"es\",\"@id\":\"https:\/\/www.tires-recycling.eu\/es\/#\/schema\/logo\/image\/\",\"url\":\"https:\/\/www.tires-recycling.eu\/wp-content\/uploads\/2024\/04\/cropped-tires-black-png.png\",\"contentUrl\":\"https:\/\/www.tires-recycling.eu\/wp-content\/uploads\/2024\/04\/cropped-tires-black-png.png\",\"width\":512,\"height\":512,\"caption\":\"Tires Recycling\"},\"image\":{\"@id\":\"https:\/\/www.tires-recycling.eu\/es\/#\/schema\/logo\/image\/\"}}]}<\/script>\n<!-- \/ Yoast SEO plugin. -->","yoast_head_json":{"title":"Planta reciclaje neum\u00e1ticos usados y c\u00e9sped artificial","description":"TIRES es una empresa l\u00edder en el dise\u00f1o y construcci\u00f3n de m\u00e1quinas y planta para el reciclaje residuos, neum\u00e1ticos usados y c\u00e9sped sint\u00e9tico","robots":{"index":"index","follow":"follow","max-snippet":"max-snippet:-1","max-image-preview":"max-image-preview:large","max-video-preview":"max-video-preview:-1"},"canonical":"https:\/\/www.tires-recycling.eu\/es\/home\/planta\/","og_locale":"es_ES","og_type":"article","og_title":"Planta reciclaje neum\u00e1ticos usados y c\u00e9sped artificial","og_description":"TIRES es una empresa l\u00edder en el dise\u00f1o y construcci\u00f3n de m\u00e1quinas y planta para el reciclaje residuos, neum\u00e1ticos usados y c\u00e9sped sint\u00e9tico","og_url":"https:\/\/www.tires-recycling.eu\/es\/home\/planta\/","og_site_name":"Maquinaria y planta de reciclaje de neum\u00e1ticos","article_modified_time":"2026-01-19T14:42:21+00:00","og_image":[{"url":"https:\/\/www.tires-recycling.eu\/wp-content\/uploads\/2024\/04\/pulizia_acciaio_evid-740x940.jpg","type":"","width":"","height":""}],"twitter_card":"summary_large_image","twitter_misc":{"Tiempo de lectura":"3 minutos"},"schema":{"@context":"https:\/\/schema.org","@graph":[{"@type":"WebPage","@id":"https:\/\/www.tires-recycling.eu\/es\/home\/planta\/","url":"https:\/\/www.tires-recycling.eu\/es\/home\/planta\/","name":"Planta reciclaje neum\u00e1ticos usados y c\u00e9sped artificial","isPartOf":{"@id":"https:\/\/www.tires-recycling.eu\/es\/#website"},"primaryImageOfPage":{"@id":"https:\/\/www.tires-recycling.eu\/es\/home\/planta\/#primaryimage"},"image":{"@id":"https:\/\/www.tires-recycling.eu\/es\/home\/planta\/#primaryimage"},"thumbnailUrl":"https:\/\/www.tires-recycling.eu\/wp-content\/uploads\/2024\/04\/pulizia_acciaio_evid-740x940.jpg","datePublished":"2024-04-19T14:21:46+00:00","dateModified":"2026-01-19T14:42:21+00:00","description":"TIRES es una empresa l\u00edder en el dise\u00f1o y construcci\u00f3n de m\u00e1quinas y planta para el reciclaje residuos, neum\u00e1ticos usados y c\u00e9sped sint\u00e9tico","breadcrumb":{"@id":"https:\/\/www.tires-recycling.eu\/es\/home\/planta\/#breadcrumb"},"inLanguage":"es","potentialAction":[{"@type":"ReadAction","target":["https:\/\/www.tires-recycling.eu\/es\/home\/planta\/"]}]},{"@type":"ImageObject","inLanguage":"es","@id":"https:\/\/www.tires-recycling.eu\/es\/home\/planta\/#primaryimage","url":"https:\/\/www.tires-recycling.eu\/wp-content\/uploads\/2024\/04\/pulizia_acciaio_evid-740x940.jpg","contentUrl":"https:\/\/www.tires-recycling.eu\/wp-content\/uploads\/2024\/04\/pulizia_acciaio_evid-740x940.jpg"},{"@type":"BreadcrumbList","@id":"https:\/\/www.tires-recycling.eu\/es\/home\/planta\/#breadcrumb","itemListElement":[{"@type":"ListItem","position":1,"name":"Home","item":"https:\/\/www.tires-recycling.eu\/es\/"},{"@type":"ListItem","position":2,"name":"Planta de reciclaje | Neum\u00e1ticos | Cesped sintetico","item":"https:\/\/www.tires-recycling.eu\/es\/"},{"@type":"ListItem","position":3,"name":"Planta reciclaje neum\u00e1ticos usados y c\u00e9sped artificial"}]},{"@type":"WebSite","@id":"https:\/\/www.tires-recycling.eu\/es\/#website","url":"https:\/\/www.tires-recycling.eu\/es\/","name":"tires recycling machinery & plant","description":"Proyecto y construcci\u00f3n de m\u00e1quinas con sistema en l\u00ednea para reciclaje de neum\u00e1ticos usados \u200b\u200by c\u00e9sped artificial sint\u00e9tico | Vender tecnolog\u00eda verde","publisher":{"@id":"https:\/\/www.tires-recycling.eu\/es\/#organization"},"alternateName":"tires recycling machinery & plant","potentialAction":[{"@type":"SearchAction","target":{"@type":"EntryPoint","urlTemplate":"https:\/\/www.tires-recycling.eu\/es\/?s={search_term_string}"},"query-input":{"@type":"PropertyValueSpecification","valueRequired":true,"valueName":"search_term_string"}}],"inLanguage":"es"},{"@type":"Organization","@id":"https:\/\/www.tires-recycling.eu\/es\/#organization","name":"Tires Recycling","alternateName":"TIRES SPA","url":"https:\/\/www.tires-recycling.eu\/es\/","logo":{"@type":"ImageObject","inLanguage":"es","@id":"https:\/\/www.tires-recycling.eu\/es\/#\/schema\/logo\/image\/","url":"https:\/\/www.tires-recycling.eu\/wp-content\/uploads\/2024\/04\/cropped-tires-black-png.png","contentUrl":"https:\/\/www.tires-recycling.eu\/wp-content\/uploads\/2024\/04\/cropped-tires-black-png.png","width":512,"height":512,"caption":"Tires Recycling"},"image":{"@id":"https:\/\/www.tires-recycling.eu\/es\/#\/schema\/logo\/image\/"}}]}},"_links":{"self":[{"href":"https:\/\/www.tires-recycling.eu\/es\/wp-json\/wp\/v2\/pages\/64256","targetHints":{"allow":["GET"]}}],"collection":[{"href":"https:\/\/www.tires-recycling.eu\/es\/wp-json\/wp\/v2\/pages"}],"about":[{"href":"https:\/\/www.tires-recycling.eu\/es\/wp-json\/wp\/v2\/types\/page"}],"author":[{"embeddable":true,"href":"https:\/\/www.tires-recycling.eu\/es\/wp-json\/wp\/v2\/users\/1"}],"replies":[{"embeddable":true,"href":"https:\/\/www.tires-recycling.eu\/es\/wp-json\/wp\/v2\/comments?post=64256"}],"version-history":[{"count":6,"href":"https:\/\/www.tires-recycling.eu\/es\/wp-json\/wp\/v2\/pages\/64256\/revisions"}],"predecessor-version":[{"id":65690,"href":"https:\/\/www.tires-recycling.eu\/es\/wp-json\/wp\/v2\/pages\/64256\/revisions\/65690"}],"up":[{"embeddable":true,"href":"https:\/\/www.tires-recycling.eu\/es\/wp-json\/wp\/v2\/pages\/63967"}],"wp:attachment":[{"href":"https:\/\/www.tires-recycling.eu\/es\/wp-json\/wp\/v2\/media?parent=64256"}],"curies":[{"name":"wp","href":"https:\/\/api.w.org\/{rel}","templated":true}]}}