{"id":63843,"date":"2021-03-09T01:16:26","date_gmt":"2021-03-09T00:16:26","guid":{"rendered":"https:\/\/www.tires-recycling.eu\/macchinari-riciclo\/"},"modified":"2024-05-23T22:57:54","modified_gmt":"2024-05-23T20:57:54","slug":"machines-de-recyclage","status":"publish","type":"page","link":"https:\/\/www.tires-recycling.eu\/fr\/systemes-de-recuperation-pneus-gazon-synthetique\/machines-de-recyclage\/","title":{"rendered":"MACHINES DE RECYCLAGE"},"content":{"rendered":"\t\t<div data-elementor-type=\"wp-page\" data-elementor-id=\"63843\" class=\"elementor elementor-63843 elementor-37087\">\n\t\t\t\t\t\t<section class=\"elementor-section elementor-top-section elementor-element elementor-element-6ef98bd elementor-section-boxed elementor-section-height-default elementor-section-height-default\" data-id=\"6ef98bd\" data-element_type=\"section\">\n\t\t\t\t\t\t<div class=\"elementor-container elementor-column-gap-default\">\n\t\t\t\t\t<div class=\"elementor-column elementor-col-100 elementor-top-column elementor-element elementor-element-12ceb8f\" data-id=\"12ceb8f\" data-element_type=\"column\">\n\t\t\t<div class=\"elementor-widget-wrap elementor-element-populated\">\n\t\t\t\t\t\t<div class=\"elementor-element elementor-element-bd9f728 elementor-widget elementor-widget-spacer\" data-id=\"bd9f728\" data-element_type=\"widget\" data-widget_type=\"spacer.default\">\n\t\t\t\t<div class=\"elementor-widget-container\">\n\t\t\t\t\t\t\t<div class=\"elementor-spacer\">\n\t\t\t<div class=\"elementor-spacer-inner\"><\/div>\n\t\t<\/div>\n\t\t\t\t\t\t<\/div>\n\t\t\t\t<\/div>\n\t\t\t\t\t<\/div>\n\t\t<\/div>\n\t\t\t\t\t<\/div>\n\t\t<\/section>\n\t\t\t\t<section class=\"elementor-section elementor-top-section elementor-element elementor-element-5f1a461 elementor-section-boxed elementor-section-height-default elementor-section-height-default\" data-id=\"5f1a461\" data-element_type=\"section\">\n\t\t\t\t\t\t<div class=\"elementor-container elementor-column-gap-default\">\n\t\t\t\t\t<div class=\"elementor-column elementor-col-100 elementor-top-column elementor-element elementor-element-01f84be\" data-id=\"01f84be\" data-element_type=\"column\">\n\t\t\t<div class=\"elementor-widget-wrap elementor-element-populated\">\n\t\t\t\t\t\t<div class=\"elementor-element elementor-element-566d398 divider_yes elementor-widget elementor-widget-wgl-double-headings\" data-id=\"566d398\" data-element_type=\"widget\" data-widget_type=\"wgl-double-headings.default\">\n\t\t\t\t<div class=\"elementor-widget-container\">\n\t\t\t\t\t<div class=\"wgl-double_heading acenter\">\t\t\t\t<h1 class=\"dbl-title_wrapper\"><span class=\"dbl-title dbl-title_1\">Machines recyclage d\u00e9chets pneus  gazon synth\u00e9tique<\/span> \t\t\t\t<\/h1><span class=\"dbl-title dbl-bg_text\">MACHINES <\/span> \t\t<\/div>\t\t\t\t<\/div>\n\t\t\t\t<\/div>\n\t\t\t\t\t<\/div>\n\t\t<\/div>\n\t\t\t\t\t<\/div>\n\t\t<\/section>\n\t\t\t\t<section class=\"elementor-section elementor-top-section elementor-element elementor-element-118e99a elementor-section-boxed elementor-section-height-default elementor-section-height-default\" data-id=\"118e99a\" data-element_type=\"section\">\n\t\t\t\t\t\t<div class=\"elementor-container elementor-column-gap-default\">\n\t\t\t\t\t<div class=\"elementor-column elementor-col-100 elementor-top-column elementor-element elementor-element-46985c0\" data-id=\"46985c0\" data-element_type=\"column\">\n\t\t\t<div class=\"elementor-widget-wrap elementor-element-populated\">\n\t\t\t\t\t\t<div class=\"elementor-element elementor-element-d43c4d0 elementor-widget elementor-widget-spacer\" data-id=\"d43c4d0\" data-element_type=\"widget\" data-widget_type=\"spacer.default\">\n\t\t\t\t<div class=\"elementor-widget-container\">\n\t\t\t\t\t\t\t<div class=\"elementor-spacer\">\n\t\t\t<div class=\"elementor-spacer-inner\"><\/div>\n\t\t<\/div>\n\t\t\t\t\t\t<\/div>\n\t\t\t\t<\/div>\n\t\t\t\t\t<\/div>\n\t\t<\/div>\n\t\t\t\t\t<\/div>\n\t\t<\/section>\n\t\t\t\t<section class=\"elementor-section elementor-top-section elementor-element elementor-element-3dbcebc elementor-section-boxed elementor-section-height-default elementor-section-height-default\" data-id=\"3dbcebc\" data-element_type=\"section\">\n\t\t\t\t\t\t<div class=\"elementor-container elementor-column-gap-default\">\n\t\t\t\t\t<div class=\"elementor-column elementor-col-100 elementor-top-column elementor-element elementor-element-e761c38\" data-id=\"e761c38\" data-element_type=\"column\">\n\t\t\t<div class=\"elementor-widget-wrap elementor-element-populated\">\n\t\t\t\t\t\t<div class=\"elementor-element elementor-element-86fa8cb elementor-widget elementor-widget-spacer\" data-id=\"86fa8cb\" data-element_type=\"widget\" data-widget_type=\"spacer.default\">\n\t\t\t\t<div class=\"elementor-widget-container\">\n\t\t\t\t\t\t\t<div class=\"elementor-spacer\">\n\t\t\t<div class=\"elementor-spacer-inner\"><\/div>\n\t\t<\/div>\n\t\t\t\t\t\t<\/div>\n\t\t\t\t<\/div>\n\t\t\t\t\t<\/div>\n\t\t<\/div>\n\t\t\t\t\t<\/div>\n\t\t<\/section>\n\t\t\t\t<section class=\"elementor-section elementor-top-section elementor-element elementor-element-8ea2bbc elementor-section-boxed elementor-section-height-default elementor-section-height-default\" data-id=\"8ea2bbc\" data-element_type=\"section\">\n\t\t\t\t\t\t<div class=\"elementor-container elementor-column-gap-default\">\n\t\t\t\t\t<div class=\"elementor-column elementor-col-100 elementor-top-column elementor-element elementor-element-b2f154b\" data-id=\"b2f154b\" data-element_type=\"column\">\n\t\t\t<div class=\"elementor-widget-wrap elementor-element-populated\">\n\t\t\t\t\t\t<div class=\"elementor-element elementor-element-955d7b4 elementor-widget elementor-widget-wgl-portfolio\" data-id=\"955d7b4\" data-element_type=\"widget\" data-widget_type=\"wgl-portfolio.default\">\n\t\t\t\t<div class=\"elementor-widget-container\">\n\t\t\t\t\t<section class=\"wgl_cpt_section\"><div class=\"wgl-portfolio\" id=\"portfolio_module_69f9360b00d68\"><div class=\"wgl-portfolio_wrapper\"><div class=\"wgl-portfolio_container container-grid row grid portfolio_columns-3\"  style=\"margin-right:-15px; margin-left:-15px; margin-bottom:-30px;\"><\/div><\/div><\/div><\/section>\t\t\t\t<\/div>\n\t\t\t\t<\/div>\n\t\t\t\t\t<\/div>\n\t\t<\/div>\n\t\t\t\t\t<\/div>\n\t\t<\/section>\n\t\t\t\t<section class=\"elementor-section elementor-top-section elementor-element elementor-element-fe8a42f elementor-section-boxed elementor-section-height-default elementor-section-height-default\" data-id=\"fe8a42f\" data-element_type=\"section\" data-settings=\"{&quot;background_background&quot;:&quot;classic&quot;}\">\n\t\t\t\t\t\t<div class=\"elementor-container elementor-column-gap-extended\">\n\t\t\t\t\t<div class=\"elementor-column elementor-col-100 elementor-top-column elementor-element elementor-element-4ab592e\" data-id=\"4ab592e\" data-element_type=\"column\">\n\t\t\t<div class=\"elementor-widget-wrap elementor-element-populated\">\n\t\t\t\t\t\t<div class=\"elementor-element elementor-element-cb4fbc5 elementor-widget elementor-widget-spacer\" data-id=\"cb4fbc5\" data-element_type=\"widget\" data-widget_type=\"spacer.default\">\n\t\t\t\t<div class=\"elementor-widget-container\">\n\t\t\t\t\t\t\t<div class=\"elementor-spacer\">\n\t\t\t<div class=\"elementor-spacer-inner\"><\/div>\n\t\t<\/div>\n\t\t\t\t\t\t<\/div>\n\t\t\t\t<\/div>\n\t\t\t\t<div class=\"elementor-element elementor-element-7f3ee69 elementor-widget elementor-widget-heading\" data-id=\"7f3ee69\" data-element_type=\"widget\" data-widget_type=\"heading.default\">\n\t\t\t\t<div class=\"elementor-widget-container\">\n\t\t\t\t\t<h2 class=\"elementor-heading-title elementor-size-default\">Machines de recyclage  pneus  gazon synth\u00e9tique<\/h2>\t\t\t\t<\/div>\n\t\t\t\t<\/div>\n\t\t\t\t<div class=\"elementor-element elementor-element-0bdc144 elementor-widget elementor-widget-text-editor\" data-id=\"0bdc144\" data-element_type=\"widget\" data-widget_type=\"text-editor.default\">\n\t\t\t\t<div class=\"elementor-widget-container\">\n\t\t\t\t\t\t\t\t\t<p>Large choix de machines de recyclage des d\u00e9chets adapt\u00e9es \u00e0 la transformation des pneumatiques en produits tels que mati\u00e8res premi\u00e8res secondaires et produits manufactur\u00e9s.<\/p><p>Les lignes de valorisation des pneus usag\u00e9s sont constitu\u00e9es de modules qui peuvent \u00eatre configur\u00e9s ensemble pour obtenir la productivit\u00e9 et la qualit\u00e9 souhait\u00e9es de granul\u00e9s et de poudres de caoutchouc.<\/p><p>Les syst\u00e8mes de moulage peuvent \u00eatre personnalis\u00e9s en fonction du produit \u00e0 fabriquer.<\/p><p>La ligne de recyclage du gazon synth\u00e9tique usag\u00e9 peut \u00e9galement \u00eatre configur\u00e9e en modules en fonction des besoins de la zone dans laquelle les terrains en gazon synth\u00e9tique ont \u00e9t\u00e9 construits. Diff\u00e9rents types de remplissages (v\u00e9g\u00e9taux, polym\u00e8res) sont des particularit\u00e9s sur lesquelles d\u00e9finir l&#8217;am\u00e9nagement afin de les recycler.<\/p>\t\t\t\t\t\t\t\t<\/div>\n\t\t\t\t<\/div>\n\t\t\t\t<div class=\"elementor-element elementor-element-ff8dd49 elementor-widget elementor-widget-spacer\" data-id=\"ff8dd49\" data-element_type=\"widget\" data-widget_type=\"spacer.default\">\n\t\t\t\t<div class=\"elementor-widget-container\">\n\t\t\t\t\t\t\t<div class=\"elementor-spacer\">\n\t\t\t<div class=\"elementor-spacer-inner\"><\/div>\n\t\t<\/div>\n\t\t\t\t\t\t<\/div>\n\t\t\t\t<\/div>\n\t\t\t\t\t<\/div>\n\t\t<\/div>\n\t\t\t\t\t<\/div>\n\t\t<\/section>\n\t\t\t\t<\/div>\n\t\t","protected":false},"excerpt":{"rendered":"<p>Machines recyclage d\u00e9chets pneus gazon synth\u00e9tique MACHINES MACHINES DE RECYCLAGE D\u00e9talonneur pour pneus camion | R\u00e9cup\u00e9ration d\u2019acier MACHINES DE RECYCLAGE Broyeur recyclage de pneus | Voiture et camion MACHINES DE RECYCLAGE CRIBLEUR A DISQUES VD1300 | Pneus d\u00e9chiquet\u00e9s MACHINES DE RECYCLAGE GRANULATEUR GR3520 | Du d\u00e9chiquet\u00e9 aux chips MACHINES DE RECYCLAGE RAFFINEUR MU1600 | Des [&hellip;]<\/p>\n","protected":false},"author":1,"featured_media":0,"parent":63966,"menu_order":0,"comment_status":"closed","ping_status":"closed","template":"","meta":{"footnotes":""},"class_list":["post-63843","page","type-page","status-publish","hentry"],"yoast_head":"<!-- This site is optimized with the Yoast SEO plugin v26.7 - https:\/\/yoast.com\/wordpress\/plugins\/seo\/ -->\n<title>MACHINES DE RECYCLAGE<\/title>\n<meta name=\"description\" content=\"TIRES, sp\u00e9cialis\u00e9 dans le secteur du pnes, propose les meilleures solutions de machines de recyclage et lignes de production.\" \/>\n<meta name=\"robots\" content=\"index, follow, max-snippet:-1, max-image-preview:large, max-video-preview:-1\" \/>\n<link rel=\"canonical\" href=\"https:\/\/www.tires-recycling.eu\/fr\/systemes-de-recuperation-pneus-gazon-synthetique\/machines-de-recyclage\/\" \/>\n<meta property=\"og:locale\" content=\"fr_FR\" \/>\n<meta property=\"og:type\" content=\"article\" \/>\n<meta property=\"og:title\" content=\"MACHINES DE RECYCLAGE\" \/>\n<meta property=\"og:description\" content=\"TIRES, sp\u00e9cialis\u00e9 dans le secteur du pnes, propose les meilleures solutions de machines de recyclage et lignes de production.\" \/>\n<meta property=\"og:url\" content=\"https:\/\/www.tires-recycling.eu\/fr\/systemes-de-recuperation-pneus-gazon-synthetique\/machines-de-recyclage\/\" \/>\n<meta property=\"og:site_name\" content=\"machines et installations de recyclage de pneus\" \/>\n<meta property=\"article:modified_time\" content=\"2024-05-23T20:57:54+00:00\" \/>\n<meta property=\"og:image\" content=\"https:\/\/www.tires-recycling.eu\/wp-content\/uploads\/2024\/04\/stallonatore_evid-740x940.jpg\" \/>\n<meta name=\"twitter:card\" content=\"summary_large_image\" \/>\n<meta name=\"twitter:label1\" content=\"Dur\u00e9e de lecture estim\u00e9e\" \/>\n\t<meta name=\"twitter:data1\" content=\"3 minutes\" \/>\n<script type=\"application\/ld+json\" class=\"yoast-schema-graph\">{\"@context\":\"https:\/\/schema.org\",\"@graph\":[{\"@type\":\"WebPage\",\"@id\":\"https:\/\/www.tires-recycling.eu\/fr\/systemes-de-recuperation-pneus-gazon-synthetique\/machines-de-recyclage\/\",\"url\":\"https:\/\/www.tires-recycling.eu\/fr\/systemes-de-recuperation-pneus-gazon-synthetique\/machines-de-recyclage\/\",\"name\":\"MACHINES DE RECYCLAGE\",\"isPartOf\":{\"@id\":\"https:\/\/www.tires-recycling.eu\/fr\/#website\"},\"primaryImageOfPage\":{\"@id\":\"https:\/\/www.tires-recycling.eu\/fr\/systemes-de-recuperation-pneus-gazon-synthetique\/machines-de-recyclage\/#primaryimage\"},\"image\":{\"@id\":\"https:\/\/www.tires-recycling.eu\/fr\/systemes-de-recuperation-pneus-gazon-synthetique\/machines-de-recyclage\/#primaryimage\"},\"thumbnailUrl\":\"https:\/\/www.tires-recycling.eu\/wp-content\/uploads\/2024\/04\/stallonatore_evid-740x940.jpg\",\"datePublished\":\"2021-03-09T00:16:26+00:00\",\"dateModified\":\"2024-05-23T20:57:54+00:00\",\"description\":\"TIRES, sp\u00e9cialis\u00e9 dans le secteur du pnes, propose les meilleures solutions de machines de recyclage et lignes de production.\",\"breadcrumb\":{\"@id\":\"https:\/\/www.tires-recycling.eu\/fr\/systemes-de-recuperation-pneus-gazon-synthetique\/machines-de-recyclage\/#breadcrumb\"},\"inLanguage\":\"fr-FR\",\"potentialAction\":[{\"@type\":\"ReadAction\",\"target\":[\"https:\/\/www.tires-recycling.eu\/fr\/systemes-de-recuperation-pneus-gazon-synthetique\/machines-de-recyclage\/\"]}]},{\"@type\":\"ImageObject\",\"inLanguage\":\"fr-FR\",\"@id\":\"https:\/\/www.tires-recycling.eu\/fr\/systemes-de-recuperation-pneus-gazon-synthetique\/machines-de-recyclage\/#primaryimage\",\"url\":\"https:\/\/www.tires-recycling.eu\/wp-content\/uploads\/2024\/04\/stallonatore_evid-740x940.jpg\",\"contentUrl\":\"https:\/\/www.tires-recycling.eu\/wp-content\/uploads\/2024\/04\/stallonatore_evid-740x940.jpg\"},{\"@type\":\"BreadcrumbList\",\"@id\":\"https:\/\/www.tires-recycling.eu\/fr\/systemes-de-recuperation-pneus-gazon-synthetique\/machines-de-recyclage\/#breadcrumb\",\"itemListElement\":[{\"@type\":\"ListItem\",\"position\":1,\"name\":\"Home\",\"item\":\"https:\/\/www.tires-recycling.eu\/fr\/\"},{\"@type\":\"ListItem\",\"position\":2,\"name\":\"Syst\u00e8mes de recyclage | Pneus | Gazon synth\u00e9tique\",\"item\":\"https:\/\/www.tires-recycling.eu\/fr\/\"},{\"@type\":\"ListItem\",\"position\":3,\"name\":\"MACHINES DE RECYCLAGE\"}]},{\"@type\":\"WebSite\",\"@id\":\"https:\/\/www.tires-recycling.eu\/fr\/#website\",\"url\":\"https:\/\/www.tires-recycling.eu\/fr\/\",\"name\":\"tires recycling machinery & plant\",\"description\":\"Projeter et construire des machines de syst\u00e8me en ligne pour recycler les pneus usag\u00e9s et le gazon synth\u00e9tique artificiel | Vendre technologies vertes\",\"publisher\":{\"@id\":\"https:\/\/www.tires-recycling.eu\/fr\/#organization\"},\"alternateName\":\"tires recycling machinery & plant\",\"potentialAction\":[{\"@type\":\"SearchAction\",\"target\":{\"@type\":\"EntryPoint\",\"urlTemplate\":\"https:\/\/www.tires-recycling.eu\/fr\/?s={search_term_string}\"},\"query-input\":{\"@type\":\"PropertyValueSpecification\",\"valueRequired\":true,\"valueName\":\"search_term_string\"}}],\"inLanguage\":\"fr-FR\"},{\"@type\":\"Organization\",\"@id\":\"https:\/\/www.tires-recycling.eu\/fr\/#organization\",\"name\":\"Tires Recycling\",\"alternateName\":\"TIRES SPA\",\"url\":\"https:\/\/www.tires-recycling.eu\/fr\/\",\"logo\":{\"@type\":\"ImageObject\",\"inLanguage\":\"fr-FR\",\"@id\":\"https:\/\/www.tires-recycling.eu\/fr\/#\/schema\/logo\/image\/\",\"url\":\"https:\/\/www.tires-recycling.eu\/wp-content\/uploads\/2024\/04\/cropped-tires-black-png.png\",\"contentUrl\":\"https:\/\/www.tires-recycling.eu\/wp-content\/uploads\/2024\/04\/cropped-tires-black-png.png\",\"width\":512,\"height\":512,\"caption\":\"Tires Recycling\"},\"image\":{\"@id\":\"https:\/\/www.tires-recycling.eu\/fr\/#\/schema\/logo\/image\/\"}}]}<\/script>\n<!-- \/ Yoast SEO plugin. -->","yoast_head_json":{"title":"MACHINES DE RECYCLAGE","description":"TIRES, sp\u00e9cialis\u00e9 dans le secteur du pnes, propose les meilleures solutions de machines de recyclage et lignes de production.","robots":{"index":"index","follow":"follow","max-snippet":"max-snippet:-1","max-image-preview":"max-image-preview:large","max-video-preview":"max-video-preview:-1"},"canonical":"https:\/\/www.tires-recycling.eu\/fr\/systemes-de-recuperation-pneus-gazon-synthetique\/machines-de-recyclage\/","og_locale":"fr_FR","og_type":"article","og_title":"MACHINES DE RECYCLAGE","og_description":"TIRES, sp\u00e9cialis\u00e9 dans le secteur du pnes, propose les meilleures solutions de machines de recyclage et lignes de production.","og_url":"https:\/\/www.tires-recycling.eu\/fr\/systemes-de-recuperation-pneus-gazon-synthetique\/machines-de-recyclage\/","og_site_name":"machines et installations de recyclage de pneus","article_modified_time":"2024-05-23T20:57:54+00:00","og_image":[{"url":"https:\/\/www.tires-recycling.eu\/wp-content\/uploads\/2024\/04\/stallonatore_evid-740x940.jpg","type":"","width":"","height":""}],"twitter_card":"summary_large_image","twitter_misc":{"Dur\u00e9e de lecture estim\u00e9e":"3 minutes"},"schema":{"@context":"https:\/\/schema.org","@graph":[{"@type":"WebPage","@id":"https:\/\/www.tires-recycling.eu\/fr\/systemes-de-recuperation-pneus-gazon-synthetique\/machines-de-recyclage\/","url":"https:\/\/www.tires-recycling.eu\/fr\/systemes-de-recuperation-pneus-gazon-synthetique\/machines-de-recyclage\/","name":"MACHINES DE RECYCLAGE","isPartOf":{"@id":"https:\/\/www.tires-recycling.eu\/fr\/#website"},"primaryImageOfPage":{"@id":"https:\/\/www.tires-recycling.eu\/fr\/systemes-de-recuperation-pneus-gazon-synthetique\/machines-de-recyclage\/#primaryimage"},"image":{"@id":"https:\/\/www.tires-recycling.eu\/fr\/systemes-de-recuperation-pneus-gazon-synthetique\/machines-de-recyclage\/#primaryimage"},"thumbnailUrl":"https:\/\/www.tires-recycling.eu\/wp-content\/uploads\/2024\/04\/stallonatore_evid-740x940.jpg","datePublished":"2021-03-09T00:16:26+00:00","dateModified":"2024-05-23T20:57:54+00:00","description":"TIRES, sp\u00e9cialis\u00e9 dans le secteur du pnes, propose les meilleures solutions de machines de recyclage et lignes de production.","breadcrumb":{"@id":"https:\/\/www.tires-recycling.eu\/fr\/systemes-de-recuperation-pneus-gazon-synthetique\/machines-de-recyclage\/#breadcrumb"},"inLanguage":"fr-FR","potentialAction":[{"@type":"ReadAction","target":["https:\/\/www.tires-recycling.eu\/fr\/systemes-de-recuperation-pneus-gazon-synthetique\/machines-de-recyclage\/"]}]},{"@type":"ImageObject","inLanguage":"fr-FR","@id":"https:\/\/www.tires-recycling.eu\/fr\/systemes-de-recuperation-pneus-gazon-synthetique\/machines-de-recyclage\/#primaryimage","url":"https:\/\/www.tires-recycling.eu\/wp-content\/uploads\/2024\/04\/stallonatore_evid-740x940.jpg","contentUrl":"https:\/\/www.tires-recycling.eu\/wp-content\/uploads\/2024\/04\/stallonatore_evid-740x940.jpg"},{"@type":"BreadcrumbList","@id":"https:\/\/www.tires-recycling.eu\/fr\/systemes-de-recuperation-pneus-gazon-synthetique\/machines-de-recyclage\/#breadcrumb","itemListElement":[{"@type":"ListItem","position":1,"name":"Home","item":"https:\/\/www.tires-recycling.eu\/fr\/"},{"@type":"ListItem","position":2,"name":"Syst\u00e8mes de recyclage | Pneus | Gazon synth\u00e9tique","item":"https:\/\/www.tires-recycling.eu\/fr\/"},{"@type":"ListItem","position":3,"name":"MACHINES DE RECYCLAGE"}]},{"@type":"WebSite","@id":"https:\/\/www.tires-recycling.eu\/fr\/#website","url":"https:\/\/www.tires-recycling.eu\/fr\/","name":"tires recycling machinery & plant","description":"Projeter et construire des machines de syst\u00e8me en ligne pour recycler les pneus usag\u00e9s et le gazon synth\u00e9tique artificiel | Vendre technologies vertes","publisher":{"@id":"https:\/\/www.tires-recycling.eu\/fr\/#organization"},"alternateName":"tires recycling machinery & plant","potentialAction":[{"@type":"SearchAction","target":{"@type":"EntryPoint","urlTemplate":"https:\/\/www.tires-recycling.eu\/fr\/?s={search_term_string}"},"query-input":{"@type":"PropertyValueSpecification","valueRequired":true,"valueName":"search_term_string"}}],"inLanguage":"fr-FR"},{"@type":"Organization","@id":"https:\/\/www.tires-recycling.eu\/fr\/#organization","name":"Tires Recycling","alternateName":"TIRES SPA","url":"https:\/\/www.tires-recycling.eu\/fr\/","logo":{"@type":"ImageObject","inLanguage":"fr-FR","@id":"https:\/\/www.tires-recycling.eu\/fr\/#\/schema\/logo\/image\/","url":"https:\/\/www.tires-recycling.eu\/wp-content\/uploads\/2024\/04\/cropped-tires-black-png.png","contentUrl":"https:\/\/www.tires-recycling.eu\/wp-content\/uploads\/2024\/04\/cropped-tires-black-png.png","width":512,"height":512,"caption":"Tires Recycling"},"image":{"@id":"https:\/\/www.tires-recycling.eu\/fr\/#\/schema\/logo\/image\/"}}]}},"_links":{"self":[{"href":"https:\/\/www.tires-recycling.eu\/fr\/wp-json\/wp\/v2\/pages\/63843","targetHints":{"allow":["GET"]}}],"collection":[{"href":"https:\/\/www.tires-recycling.eu\/fr\/wp-json\/wp\/v2\/pages"}],"about":[{"href":"https:\/\/www.tires-recycling.eu\/fr\/wp-json\/wp\/v2\/types\/page"}],"author":[{"embeddable":true,"href":"https:\/\/www.tires-recycling.eu\/fr\/wp-json\/wp\/v2\/users\/1"}],"replies":[{"embeddable":true,"href":"https:\/\/www.tires-recycling.eu\/fr\/wp-json\/wp\/v2\/comments?post=63843"}],"version-history":[{"count":5,"href":"https:\/\/www.tires-recycling.eu\/fr\/wp-json\/wp\/v2\/pages\/63843\/revisions"}],"predecessor-version":[{"id":65579,"href":"https:\/\/www.tires-recycling.eu\/fr\/wp-json\/wp\/v2\/pages\/63843\/revisions\/65579"}],"up":[{"embeddable":true,"href":"https:\/\/www.tires-recycling.eu\/fr\/wp-json\/wp\/v2\/pages\/63966"}],"wp:attachment":[{"href":"https:\/\/www.tires-recycling.eu\/fr\/wp-json\/wp\/v2\/media?parent=63843"}],"curies":[{"name":"wp","href":"https:\/\/api.w.org\/{rel}","templated":true}]}}